{"id":1061,"date":"2025-12-16T12:46:15","date_gmt":"2025-12-16T12:46:15","guid":{"rendered":"https:\/\/aldlawfirm.com\/?page_id=1061"},"modified":"2026-03-18T11:38:43","modified_gmt":"2026-03-18T11:38:43","slug":"abogado-especializado-en-lesiones-por-vacunas-en-pittsburgh","status":"publish","type":"page","link":"https:\/\/aldlawfirm.com\/es\/pittsburgh-vaccine-injury-lawyer\/","title":{"rendered":"Abogado especializado en lesiones por vacunas en Pittsburgh"},"content":{"rendered":"<div id=\"ez-toc-container\" class=\"ez-toc-v2_0_82_2 counter-hierarchy ez-toc-counter ez-toc-transparent ez-toc-container-direction\">\n<div class=\"ez-toc-title-container\">\n<p class=\"ez-toc-title\" style=\"cursor:inherit\">\u00cdndice<\/p>\n<span class=\"ez-toc-title-toggle\"><a href=\"#\" class=\"ez-toc-pull-right ez-toc-btn ez-toc-btn-xs ez-toc-btn-default ez-toc-toggle\" aria-label=\"Toggle Table of Content\"><span class=\"ez-toc-js-icon-con\"><span class=\"\"><span class=\"eztoc-hide\" style=\"display:none;\">Alternar<\/span><span class=\"ez-toc-icon-toggle-span\"><svg style=\"fill: #999;color:#999\" xmlns=\"http:\/\/www.w3.org\/2000\/svg\" class=\"list-377408\" width=\"20px\" height=\"20px\" viewbox=\"0 0 24 24\" fill=\"none\"><path d=\"M6 6H4v2h2V6zm14 0H8v2h12V6zM4 11h2v2H4v-2zm16 0H8v2h12v-2zM4 16h2v2H4v-2zm16 0H8v2h12v-2z\" fill=\"currentColor\"><\/path><\/svg><svg style=\"fill: #999;color:#999\" class=\"arrow-unsorted-368013\" xmlns=\"http:\/\/www.w3.org\/2000\/svg\" width=\"10px\" height=\"10px\" viewbox=\"0 0 24 24\" version=\"1.2\" baseprofile=\"tiny\"><path d=\"M18.2 9.3l-6.2-6.3-6.2 6.3c-.2.2-.3.4-.3.7s.1.5.3.7c.2.2.4.3.7.3h11c.3 0 .5-.1.7-.3.2-.2.3-.5.3-.7s-.1-.5-.3-.7zM5.8 14.7l6.2 6.3 6.2-6.3c.2-.2.3-.5.3-.7s-.1-.5-.3-.7c-.2-.2-.4-.3-.7-.3h-11c-.3 0-.5.1-.7.3-.2.2-.3.5-.3.7s.1.5.3.7z\"\/><\/svg><\/span><\/span><\/span><\/a><\/span><\/div>\n<nav><ul class='ez-toc-list ez-toc-list-level-1 eztoc-toggle-hide-by-default' ><li class='ez-toc-page-1 ez-toc-heading-level-2'><a class=\"ez-toc-link ez-toc-heading-1\" href=\"https:\/\/aldlawfirm.com\/es\/pittsburgh-vaccine-injury-lawyer\/#Vaccine_Injury_Attorney_in_Pittsburgh_PA\" >Abogado especializado en lesiones causadas por vacunas en Pittsburgh, Pensilvania<\/a><\/li><li class='ez-toc-page-1 ez-toc-heading-level-2'><a class=\"ez-toc-link ez-toc-heading-2\" href=\"https:\/\/aldlawfirm.com\/es\/pittsburgh-vaccine-injury-lawyer\/#Understanding_Vaccine_Injuries\" >Comprender las lesiones causadas por las vacunas<\/a><\/li><li class='ez-toc-page-1 ez-toc-heading-level-2'><a class=\"ez-toc-link ez-toc-heading-3\" href=\"https:\/\/aldlawfirm.com\/es\/pittsburgh-vaccine-injury-lawyer\/#Pennsylvania_Vaccine_Injury_Claim_Lawyer\" >Abogado especializado en reclamaciones por lesiones causadas por vacunas en Pensilvania<\/a><\/li><li class='ez-toc-page-1 ez-toc-heading-level-2'><a class=\"ez-toc-link ez-toc-heading-4\" href=\"https:\/\/aldlawfirm.com\/es\/pittsburgh-vaccine-injury-lawyer\/#National_Vaccine_Injury_Compensation_Program_VICP\" >Programa Nacional de Compensaci\u00f3n por Lesiones Causadas por Vacunas (VICP)<\/a><\/li><li class='ez-toc-page-1 ez-toc-heading-level-2'><a class=\"ez-toc-link ez-toc-heading-5\" href=\"https:\/\/aldlawfirm.com\/es\/pittsburgh-vaccine-injury-lawyer\/#Seeking_Justice_and_Compensation_For_Victims_of_Vaccine_Reactions\" >En busca de justicia y una indemnizaci\u00f3n para las v\u00edctimas de reacciones a las vacunas<\/a><\/li><\/ul><\/nav><\/div>\n<h2><span class=\"ez-toc-section\" id=\"Vaccine_Injury_Attorney_in_Pittsburgh_PA\"><\/span><span data-sheets-root=\"1\">Abogado especializado en lesiones causadas por vacunas en <\/span><span data-sheets-root=\"1\">Pittsburgh, Pensilvania<\/span><span class=\"ez-toc-section-end\"><\/span><\/h2>\n<p>Las vacunas desempe\u00f1an un papel fundamental en la protecci\u00f3n de la salud p\u00fablica. Sin embargo, en contadas ocasiones, algunas personas pueden sufrir efectos adversos o lesiones como consecuencia de la vacunaci\u00f3n. Si usted o un ser querido ha sufrido una lesi\u00f3n relacionada con una vacuna, los abogados especializados en lesiones personales de <a href=\"https:\/\/aldlawfirm.com\/es\/\">Ainsman Levine, LLC<\/a> te brindar\u00e1 un asesoramiento comprensivo, luchar\u00e1 por tus derechos y se esforzar\u00e1 por conseguir la indemnizaci\u00f3n que te mereces.<\/p>\n<h2><span class=\"ez-toc-section\" id=\"Understanding_Vaccine_Injuries\"><\/span>Comprender las lesiones causadas por las vacunas<span class=\"ez-toc-section-end\"><\/span><\/h2>\n<p>Las lesiones causadas por vacunas pueden deberse a diversos factores, como reacciones individuales, errores en la administraci\u00f3n de la vacuna o defectos del producto. Entre las lesiones m\u00e1s comunes causadas por vacunas se incluyen:<\/p>\n<ul>\n<li>Reacciones al\u00e9rgicas graves<\/li>\n<li>Lesiones del hombro relacionadas con la administraci\u00f3n de vacunas (SIRVA)<\/li>\n<li>S\u00edndrome de Guillain-Barr\u00e9 (SGB)<\/li>\n<li>Mielitis transversa (MT)<\/li>\n<li>Encefalomielitis diseminada aguda (ADEM)<\/li>\n<\/ul>\n<h2><span class=\"ez-toc-section\" id=\"Pennsylvania_Vaccine_Injury_Claim_Lawyer\"><\/span>Abogado especializado en reclamaciones por lesiones causadas por vacunas en Pensilvania<span class=\"ez-toc-section-end\"><\/span><\/h2>\n<p>Para ganar una demanda por lesiones causadas por vacunas, es necesario demostrar que existe una relaci\u00f3n de causalidad entre la vacuna y la lesi\u00f3n. Esto puede implicar lidiar con procesos m\u00e9dicos y legales complejos. Nuestros abogados especializados en vacunas cuentan con amplia experiencia en litigios por lesiones causadas por vacunas y est\u00e1n preparados para manejar las complejidades legales, de modo que usted pueda enfocarse en su recuperaci\u00f3n.<\/p>\n    \n    <div class=\"cmn-box\" style=\"background-color: #c99547;\">\n        <h2 style=\"color: #ffffff;\">\n            Nosotros luchamos... para que t\u00fa no tengas que hacerlo \n        <\/h2>\n\n          <p style=\"color: #fff;\">\n                D\u00e9cadas de experiencia en los tribunales. Miles de clientes atendidos. <\/p>\n\n        <div class=\"cmn-box-cnslt-btn\">\n            <div class=\"cnslt-btn\">\n                <a href=\"https:\/\/aldlawfirm.com\/es\/contacto\/\" \n                   class=\"cmn-btn\" \n                   style=\"background-color: #345c72;                           color: #fff;                          border-color:#fff ;\">\n                    Programa una consulta gratuita                <\/a>\n            <\/div>\n\n           <div class=\"cnslt-call\">\n                \n                    <p><a href=\"tel:4123389030\" style=\"color: #fff;\">\n                    412-338-9030 \n                <\/a><\/p>\n                \n            <\/div> \n        <\/div>\n    <\/div>\n\n    \n<h2><span class=\"ez-toc-section\" id=\"National_Vaccine_Injury_Compensation_Program_VICP\"><\/span>Programa Nacional de Compensaci\u00f3n por Lesiones Causadas por Vacunas (VICP)<span class=\"ez-toc-section-end\"><\/span><\/h2>\n<p>Si ha sufrido una lesi\u00f3n por vacuna, es posible que tenga derecho a recibir una indemnizaci\u00f3n a trav\u00e9s del Programa Nacional de Indemnizaci\u00f3n por Lesiones Causadas por Vacunas (VICP). El VICP es un programa federal creado para ofrecer una alternativa sin culpa a las personas que han sufrido da\u00f1os a causa de las vacunas. Nuestros abogados pueden guiarle a lo largo del proceso del VICP, garantizando la protecci\u00f3n de sus derechos y negociando una indemnizaci\u00f3n justa en su nombre.<\/p>\n<h2><span class=\"ez-toc-section\" id=\"Seeking_Justice_and_Compensation_For_Victims_of_Vaccine_Reactions\"><\/span>En busca de justicia y una indemnizaci\u00f3n para las v\u00edctimas de reacciones a las vacunas<span class=\"ez-toc-section-end\"><\/span><\/h2>\n<p>En Ainsman Levine, LLC, nuestros abogados especializados en lesiones causadas por vacunas creemos firmemente que quienes han sufrido lesiones como consecuencia de una reacci\u00f3n a una vacuna merecen justicia y una indemnizaci\u00f3n justa. Llevaremos su caso con diligencia, buscando la m\u00e1xima indemnizaci\u00f3n por gastos m\u00e9dicos, da\u00f1os y perjuicios, salarios perdidos, costos de rehabilitaci\u00f3n y otros da\u00f1os derivados de la lesi\u00f3n causada por la vacuna. Nuestro objetivo es ayudarle a reconstruir su vida y a obtener los recursos econ\u00f3micos necesarios para su recuperaci\u00f3n.<\/p>\n<p>Si usted o un ser querido ha sufrido una lesi\u00f3n relacionada con una vacuna, p\u00f3ngase en contacto con nosotros <a href=\"https:\/\/aldlawfirm.com\/es\/contacto\/\">en l\u00ednea<\/a> o ll\u00e1menos al <a href=\"tel:412-338-9030\">412-338-9030<\/a> para una consulta gratuita con un abogado especializado en lesiones por vacunas en Pittsburgh, Pensilvania.<\/p>","protected":false},"excerpt":{"rendered":"<p>Vaccine Injury Attorney in Pittsburgh, PA Vaccines play a crucial role in protecting public health. On rare occasions, however, individuals may experience adverse effects or injuries as a result of vaccinations. If you or a loved one has suffered a vaccine-related injury, The personal injury attorneys at Ainsman Levine, LLC will provide you with compassionate [&hellip;]<\/p>\n","protected":false},"author":1,"featured_media":0,"parent":0,"menu_order":0,"comment_status":"closed","ping_status":"closed","template":"","meta":{"_acf_changed":false,"footnotes":""},"categories":[],"tags":[],"class_list":["post-1061","page","type-page","status-publish","hentry"],"acf":[],"yoast_head":"<!-- This site is optimized with the Yoast SEO plugin v27.3 - https:\/\/yoast.com\/product\/yoast-seo-wordpress\/ -->\n<title>Pittsburgh Vaccine Injury Lawyer - Free Consultation<\/title>\n<meta name=\"description\" content=\"Suffered complications after a vaccine? A Pittsburgh Vaccine Injury Lawyer at Ainsman Levine, LLC can help. Contact us now.\" \/>\n<meta name=\"robots\" content=\"index, follow, max-snippet:-1, max-image-preview:large, max-video-preview:-1\" \/>\n<link rel=\"canonical\" href=\"https:\/\/aldlawfirm.com\/es\/abogado-especializado-en-lesiones-por-vacunas-en-pittsburgh\/\" \/>\n<meta property=\"og:locale\" content=\"es_MX\" \/>\n<meta property=\"og:type\" content=\"article\" \/>\n<meta property=\"og:title\" content=\"Pittsburgh Vaccine Injury Lawyer - Free Consultation\" \/>\n<meta property=\"og:description\" content=\"Suffered complications after a vaccine? A Pittsburgh Vaccine Injury Lawyer at Ainsman Levine, LLC can help. Contact us now.\" \/>\n<meta property=\"og:url\" content=\"https:\/\/aldlawfirm.com\/es\/abogado-especializado-en-lesiones-por-vacunas-en-pittsburgh\/\" \/>\n<meta property=\"og:site_name\" content=\"Ainsman Levine, LLC\" \/>\n<meta property=\"article:publisher\" content=\"http:\/\/facebook.com\/AinsmanLevineLLC\/\" \/>\n<meta property=\"article:modified_time\" content=\"2026-03-18T11:38:43+00:00\" \/>\n<meta name=\"twitter:card\" content=\"summary_large_image\" \/>\n<meta name=\"twitter:site\" content=\"@ainsmanlevine\" \/>\n<meta name=\"twitter:label1\" content=\"Tiempo de lectura\" \/>\n\t<meta name=\"twitter:data1\" content=\"2 minutos\" \/>\n<script type=\"application\/ld+json\" class=\"yoast-schema-graph\">{\"@context\":\"https:\\\/\\\/schema.org\",\"@graph\":[{\"@type\":\"WebPage\",\"@id\":\"https:\\\/\\\/aldlawfirm.com\\\/pittsburgh-vaccine-injury-lawyer\\\/\",\"url\":\"https:\\\/\\\/aldlawfirm.com\\\/pittsburgh-vaccine-injury-lawyer\\\/\",\"name\":\"Pittsburgh Vaccine Injury Lawyer - Free Consultation\",\"isPartOf\":{\"@id\":\"https:\\\/\\\/aldlawfirm.com\\\/#website\"},\"datePublished\":\"2025-12-16T12:46:15+00:00\",\"dateModified\":\"2026-03-18T11:38:43+00:00\",\"description\":\"Suffered complications after a vaccine? A Pittsburgh Vaccine Injury Lawyer at Ainsman Levine, LLC can help. Contact us now.\",\"breadcrumb\":{\"@id\":\"https:\\\/\\\/aldlawfirm.com\\\/pittsburgh-vaccine-injury-lawyer\\\/#breadcrumb\"},\"inLanguage\":\"es\",\"potentialAction\":[{\"@type\":\"ReadAction\",\"target\":[\"https:\\\/\\\/aldlawfirm.com\\\/pittsburgh-vaccine-injury-lawyer\\\/\"]}]},{\"@type\":\"BreadcrumbList\",\"@id\":\"https:\\\/\\\/aldlawfirm.com\\\/pittsburgh-vaccine-injury-lawyer\\\/#breadcrumb\",\"itemListElement\":[{\"@type\":\"ListItem\",\"position\":1,\"name\":\"Home\",\"item\":\"https:\\\/\\\/aldlawfirm.com\\\/\"},{\"@type\":\"ListItem\",\"position\":2,\"name\":\"Pittsburgh Vaccine Injury Lawyer\"}]},{\"@type\":\"WebSite\",\"@id\":\"https:\\\/\\\/aldlawfirm.com\\\/#website\",\"url\":\"https:\\\/\\\/aldlawfirm.com\\\/\",\"name\":\"Ainsman Levine, LLC\",\"description\":\"\",\"publisher\":{\"@id\":\"https:\\\/\\\/aldlawfirm.com\\\/#organization\"},\"potentialAction\":[{\"@type\":\"SearchAction\",\"target\":{\"@type\":\"EntryPoint\",\"urlTemplate\":\"https:\\\/\\\/aldlawfirm.com\\\/?s={search_term_string}\"},\"query-input\":{\"@type\":\"PropertyValueSpecification\",\"valueRequired\":true,\"valueName\":\"search_term_string\"}}],\"inLanguage\":\"es\"},{\"@type\":\"Organization\",\"@id\":\"https:\\\/\\\/aldlawfirm.com\\\/#organization\",\"name\":\"Ainsman Levine, LLC\",\"alternateName\":\"Ainsman Levine, LLC\",\"url\":\"https:\\\/\\\/aldlawfirm.com\\\/\",\"logo\":{\"@type\":\"ImageObject\",\"inLanguage\":\"es\",\"@id\":\"https:\\\/\\\/aldlawfirm.com\\\/#\\\/schema\\\/logo\\\/image\\\/\",\"url\":\"https:\\\/\\\/aldlawfirm.com\\\/wp-content\\\/uploads\\\/2025\\\/12\\\/favicon.webp\",\"contentUrl\":\"https:\\\/\\\/aldlawfirm.com\\\/wp-content\\\/uploads\\\/2025\\\/12\\\/favicon.webp\",\"width\":118,\"height\":106,\"caption\":\"Ainsman Levine, LLC\"},\"image\":{\"@id\":\"https:\\\/\\\/aldlawfirm.com\\\/#\\\/schema\\\/logo\\\/image\\\/\"},\"sameAs\":[\"http:\\\/\\\/facebook.com\\\/AinsmanLevineLLC\\\/\",\"https:\\\/\\\/x.com\\\/ainsmanlevine\",\"https:\\\/\\\/www.linkedin.com\\\/company\\\/ainsman-levine-llc\",\"https:\\\/\\\/www.linkedin.com\\\/in\\\/richard-levine-3863762a\",\"https:\\\/\\\/www.instagram.com\\\/p\\\/DV0nriXlK_3\\\/\",\"https:\\\/\\\/www.ilawconnect.com\\\/pittsburgh\\\/attorney\\\/ainsman-levine-llc\",\"https:\\\/\\\/profiles.superlawyers.com\\\/pennsylvania\\\/pittsburgh\\\/lawyer\\\/richard-c-levine\\\/28e2219e-f2dc-42e4-a57d-df5fc2f098e5.html\",\"https:\\\/\\\/www.lawyer.com\\\/firms\\\/ainsman-levine-drexler-llc.html\",\"https:\\\/\\\/www.datanyze.com\\\/companies\\\/ainsman-levine\\\/3920152\",\"https:\\\/\\\/www.zoominfo.com\\\/c\\\/ainsman-levine\\\/3920152\",\"https:\\\/\\\/www.legallistings.us\\\/united-states\\\/pittsburgh\\\/attorneys\\\/ainsman-levine-llc\",\"https:\\\/\\\/www.yelp.com\\\/biz\\\/ainsman-levine-pittsburgh-2\",\"https:\\\/\\\/www.lawyers.com\\\/pittsburgh\\\/pennsylvania\\\/ainsman-levine-drexler-llc-1558729-f\\\/#profile-attorneys\",\"https:\\\/\\\/disabilityfiled.com\\\/directory\\\/ainsman-levine-pittsburgh-pa\",\"https:\\\/\\\/www.lawyers.com\\\/pittsburgh\\\/pennsylvania\\\/ainsman-levine-drexler-llc-1558729-f\\\/#profile-about\",\"https:\\\/\\\/www.padisciplinaryboard.org\\\/for-the-public\\\/find-attorney\\\/attorney-detail\\\/36627\",\"https:\\\/\\\/clutch.co\\\/profile\\\/ainsman-levine\",\"https:\\\/\\\/lawful.com\\\/pa\\\/pittsburgh\\\/personal-injury-lawyers\\\/ainsman-levine--llc-dbJd2Tk7u\",\"https:\\\/\\\/www.martindale.com\\\/organization\\\/ainsman-levine-drexler-llc-1250115\\\/pittsburgh-pennsylvania-1558729-f\\\/\",\"https:\\\/\\\/www.lawinfo.com\\\/lawfirm\\\/pennsylvania\\\/pittsburgh\\\/ainsman-levine-llc\\\/4c1c5e20-83a4-4dbe-9813-6f35d9036d9e.html\",\"https:\\\/\\\/lawyers.findlaw.com\\\/pennsylvania\\\/pittsburgh\\\/2107322_1\\\/\",\"https:\\\/\\\/profiles.superlawyers.com\\\/pennsylvania\\\/pittsburgh\\\/lawfirm\\\/ainsman-levine-llc\\\/4c1c5e20-83a4-4dbe-9813-6f35d9036d9e.html\",\"https:\\\/\\\/www.yelp.com\\\/biz\\\/ainsman-levine-pittsburgh\"]}]}<\/script>\n<!-- \/ Yoast SEO plugin. -->","yoast_head_json":{"title":"Abogado especializado en lesiones por vacunas en Pittsburgh - Consulta gratuita","description":"\u00bfHa sufrido complicaciones tras recibir una vacuna? Un abogado especializado en lesiones por vacunas de Pittsburgh, de Ainsman Levine, LLC, puede ayudarle. Cont\u00e1ctenos ahora.","robots":{"index":"index","follow":"follow","max-snippet":"max-snippet:-1","max-image-preview":"max-image-preview:large","max-video-preview":"max-video-preview:-1"},"canonical":"https:\/\/aldlawfirm.com\/es\/abogado-especializado-en-lesiones-por-vacunas-en-pittsburgh\/","og_locale":"es_MX","og_type":"article","og_title":"Pittsburgh Vaccine Injury Lawyer - Free Consultation","og_description":"Suffered complications after a vaccine? A Pittsburgh Vaccine Injury Lawyer at Ainsman Levine, LLC can help. Contact us now.","og_url":"https:\/\/aldlawfirm.com\/es\/abogado-especializado-en-lesiones-por-vacunas-en-pittsburgh\/","og_site_name":"Ainsman Levine, LLC","article_publisher":"http:\/\/facebook.com\/AinsmanLevineLLC\/","article_modified_time":"2026-03-18T11:38:43+00:00","twitter_card":"summary_large_image","twitter_site":"@ainsmanlevine","twitter_misc":{"Tiempo de lectura":"2 minutos"},"schema":{"@context":"https:\/\/schema.org","@graph":[{"@type":"WebPage","@id":"https:\/\/aldlawfirm.com\/pittsburgh-vaccine-injury-lawyer\/","url":"https:\/\/aldlawfirm.com\/pittsburgh-vaccine-injury-lawyer\/","name":"Abogado especializado en lesiones por vacunas en Pittsburgh - Consulta gratuita","isPartOf":{"@id":"https:\/\/aldlawfirm.com\/#website"},"datePublished":"2025-12-16T12:46:15+00:00","dateModified":"2026-03-18T11:38:43+00:00","description":"\u00bfHa sufrido complicaciones tras recibir una vacuna? Un abogado especializado en lesiones por vacunas de Pittsburgh, de Ainsman Levine, LLC, puede ayudarle. Cont\u00e1ctenos ahora.","breadcrumb":{"@id":"https:\/\/aldlawfirm.com\/pittsburgh-vaccine-injury-lawyer\/#breadcrumb"},"inLanguage":"es","potentialAction":[{"@type":"ReadAction","target":["https:\/\/aldlawfirm.com\/pittsburgh-vaccine-injury-lawyer\/"]}]},{"@type":"BreadcrumbList","@id":"https:\/\/aldlawfirm.com\/pittsburgh-vaccine-injury-lawyer\/#breadcrumb","itemListElement":[{"@type":"ListItem","position":1,"name":"Home","item":"https:\/\/aldlawfirm.com\/"},{"@type":"ListItem","position":2,"name":"Pittsburgh Vaccine Injury Lawyer"}]},{"@type":"WebSite","@id":"https:\/\/aldlawfirm.com\/#website","url":"https:\/\/aldlawfirm.com\/","name":"Ainsman Levine, LLC","description":"","publisher":{"@id":"https:\/\/aldlawfirm.com\/#organization"},"potentialAction":[{"@type":"SearchAction","target":{"@type":"EntryPoint","urlTemplate":"https:\/\/aldlawfirm.com\/?s={search_term_string}"},"query-input":{"@type":"PropertyValueSpecification","valueRequired":true,"valueName":"search_term_string"}}],"inLanguage":"es"},{"@type":"Organization","@id":"https:\/\/aldlawfirm.com\/#organization","name":"Ainsman Levine, LLC","alternateName":"Ainsman Levine, LLC","url":"https:\/\/aldlawfirm.com\/","logo":{"@type":"ImageObject","inLanguage":"es","@id":"https:\/\/aldlawfirm.com\/#\/schema\/logo\/image\/","url":"https:\/\/aldlawfirm.com\/wp-content\/uploads\/2025\/12\/favicon.webp","contentUrl":"https:\/\/aldlawfirm.com\/wp-content\/uploads\/2025\/12\/favicon.webp","width":118,"height":106,"caption":"Ainsman Levine, LLC"},"image":{"@id":"https:\/\/aldlawfirm.com\/#\/schema\/logo\/image\/"},"sameAs":["http:\/\/facebook.com\/AinsmanLevineLLC\/","https:\/\/x.com\/ainsmanlevine","https:\/\/www.linkedin.com\/company\/ainsman-levine-llc","https:\/\/www.linkedin.com\/in\/richard-levine-3863762a","https:\/\/www.instagram.com\/p\/DV0nriXlK_3\/","https:\/\/www.ilawconnect.com\/pittsburgh\/attorney\/ainsman-levine-llc","https:\/\/profiles.superlawyers.com\/pennsylvania\/pittsburgh\/lawyer\/richard-c-levine\/28e2219e-f2dc-42e4-a57d-df5fc2f098e5.html","https:\/\/www.lawyer.com\/firms\/ainsman-levine-drexler-llc.html","https:\/\/www.datanyze.com\/companies\/ainsman-levine\/3920152","https:\/\/www.zoominfo.com\/c\/ainsman-levine\/3920152","https:\/\/www.legallistings.us\/united-states\/pittsburgh\/attorneys\/ainsman-levine-llc","https:\/\/www.yelp.com\/biz\/ainsman-levine-pittsburgh-2","https:\/\/www.lawyers.com\/pittsburgh\/pennsylvania\/ainsman-levine-drexler-llc-1558729-f\/#profile-attorneys","https:\/\/disabilityfiled.com\/directory\/ainsman-levine-pittsburgh-pa","https:\/\/www.lawyers.com\/pittsburgh\/pennsylvania\/ainsman-levine-drexler-llc-1558729-f\/#profile-about","https:\/\/www.padisciplinaryboard.org\/for-the-public\/find-attorney\/attorney-detail\/36627","https:\/\/clutch.co\/profile\/ainsman-levine","https:\/\/lawful.com\/pa\/pittsburgh\/personal-injury-lawyers\/ainsman-levine--llc-dbJd2Tk7u","https:\/\/www.martindale.com\/organization\/ainsman-levine-drexler-llc-1250115\/pittsburgh-pennsylvania-1558729-f\/","https:\/\/www.lawinfo.com\/lawfirm\/pennsylvania\/pittsburgh\/ainsman-levine-llc\/4c1c5e20-83a4-4dbe-9813-6f35d9036d9e.html","https:\/\/lawyers.findlaw.com\/pennsylvania\/pittsburgh\/2107322_1\/","https:\/\/profiles.superlawyers.com\/pennsylvania\/pittsburgh\/lawfirm\/ainsman-levine-llc\/4c1c5e20-83a4-4dbe-9813-6f35d9036d9e.html","https:\/\/www.yelp.com\/biz\/ainsman-levine-pittsburgh"]}]}},"_links":{"self":[{"href":"https:\/\/aldlawfirm.com\/es\/wp-json\/wp\/v2\/pages\/1061","targetHints":{"allow":["GET"]}}],"collection":[{"href":"https:\/\/aldlawfirm.com\/es\/wp-json\/wp\/v2\/pages"}],"about":[{"href":"https:\/\/aldlawfirm.com\/es\/wp-json\/wp\/v2\/types\/page"}],"author":[{"embeddable":true,"href":"https:\/\/aldlawfirm.com\/es\/wp-json\/wp\/v2\/users\/1"}],"replies":[{"embeddable":true,"href":"https:\/\/aldlawfirm.com\/es\/wp-json\/wp\/v2\/comments?post=1061"}],"version-history":[{"count":3,"href":"https:\/\/aldlawfirm.com\/es\/wp-json\/wp\/v2\/pages\/1061\/revisions"}],"predecessor-version":[{"id":3365,"href":"https:\/\/aldlawfirm.com\/es\/wp-json\/wp\/v2\/pages\/1061\/revisions\/3365"}],"wp:attachment":[{"href":"https:\/\/aldlawfirm.com\/es\/wp-json\/wp\/v2\/media?parent=1061"}],"wp:term":[{"taxonomy":"category","embeddable":true,"href":"https:\/\/aldlawfirm.com\/es\/wp-json\/wp\/v2\/categories?post=1061"},{"taxonomy":"post_tag","embeddable":true,"href":"https:\/\/aldlawfirm.com\/es\/wp-json\/wp\/v2\/tags?post=1061"}],"curies":[{"name":"wp","href":"https:\/\/api.w.org\/{rel}","templated":true}]}}