{"id":1135,"date":"2025-12-17T06:30:21","date_gmt":"2025-12-17T06:30:21","guid":{"rendered":"https:\/\/aldlawfirm.com\/?page_id=1135"},"modified":"2026-03-18T11:36:52","modified_gmt":"2026-03-18T11:36:52","slug":"abogado-especializado-en-condiciones-peligrosas-en-edificios-en-pittsburgh","status":"publish","type":"page","link":"https:\/\/aldlawfirm.com\/es\/pittsburgh-dangerous-building-conditions-lawyer\/","title":{"rendered":"Abogado especializado en condiciones peligrosas en edificios en Pittsburgh"},"content":{"rendered":"<div id=\"ez-toc-container\" class=\"ez-toc-v2_0_82_2 counter-hierarchy ez-toc-counter ez-toc-transparent ez-toc-container-direction\">\n<div class=\"ez-toc-title-container\">\n<p class=\"ez-toc-title\" style=\"cursor:inherit\">\u00cdndice<\/p>\n<span class=\"ez-toc-title-toggle\"><a href=\"#\" class=\"ez-toc-pull-right ez-toc-btn ez-toc-btn-xs ez-toc-btn-default ez-toc-toggle\" aria-label=\"Toggle Table of Content\"><span class=\"ez-toc-js-icon-con\"><span class=\"\"><span class=\"eztoc-hide\" style=\"display:none;\">Alternar<\/span><span class=\"ez-toc-icon-toggle-span\"><svg style=\"fill: #999;color:#999\" xmlns=\"http:\/\/www.w3.org\/2000\/svg\" class=\"list-377408\" width=\"20px\" height=\"20px\" viewbox=\"0 0 24 24\" fill=\"none\"><path d=\"M6 6H4v2h2V6zm14 0H8v2h12V6zM4 11h2v2H4v-2zm16 0H8v2h12v-2zM4 16h2v2H4v-2zm16 0H8v2h12v-2z\" fill=\"currentColor\"><\/path><\/svg><svg style=\"fill: #999;color:#999\" class=\"arrow-unsorted-368013\" xmlns=\"http:\/\/www.w3.org\/2000\/svg\" width=\"10px\" height=\"10px\" viewbox=\"0 0 24 24\" version=\"1.2\" baseprofile=\"tiny\"><path d=\"M18.2 9.3l-6.2-6.3-6.2 6.3c-.2.2-.3.4-.3.7s.1.5.3.7c.2.2.4.3.7.3h11c.3 0 .5-.1.7-.3.2-.2.3-.5.3-.7s-.1-.5-.3-.7zM5.8 14.7l6.2 6.3 6.2-6.3c.2-.2.3-.5.3-.7s-.1-.5-.3-.7c-.2-.2-.4-.3-.7-.3h-11c-.3 0-.5.1-.7.3-.2.2-.3.5-.3.7s.1.5.3.7z\"\/><\/svg><\/span><\/span><\/span><\/a><\/span><\/div>\n<nav><ul class='ez-toc-list ez-toc-list-level-1 eztoc-toggle-hide-by-default' ><li class='ez-toc-page-1 ez-toc-heading-level-2'><a class=\"ez-toc-link ez-toc-heading-1\" href=\"https:\/\/aldlawfirm.com\/es\/pittsburgh-dangerous-building-conditions-lawyer\/#Dangerous_Building_Conditions_Attorney_in_Pittsburgh_PA\" >Abogado especializado en condiciones peligrosas en edificios en Pittsburgh, Pensilvania<\/a><\/li><li class='ez-toc-page-1 ez-toc-heading-level-2'><a class=\"ez-toc-link ez-toc-heading-2\" href=\"https:\/\/aldlawfirm.com\/es\/pittsburgh-dangerous-building-conditions-lawyer\/#Experienced_Pennsylvania_Safety_Hazard_Injury_Attorney\" >Abogado con experiencia en lesiones por riesgos de seguridad en Pensilvania<\/a><\/li><li class='ez-toc-page-1 ez-toc-heading-level-2'><a class=\"ez-toc-link ez-toc-heading-3\" href=\"https:\/\/aldlawfirm.com\/es\/pittsburgh-dangerous-building-conditions-lawyer\/#Multiple_Levels_Of_Liability\" >Varios niveles de responsabilidad<\/a><\/li><li class='ez-toc-page-1 ez-toc-heading-level-2'><a class=\"ez-toc-link ez-toc-heading-4\" href=\"https:\/\/aldlawfirm.com\/es\/pittsburgh-dangerous-building-conditions-lawyer\/#Premises_Liability_Claims_Handled_On_A_Contingency_Fee_Basis\" >Reclamaciones por responsabilidad civil de propietarios de inmuebles gestionadas con honorarios contingentes<\/a><\/li><\/ul><\/nav><\/div>\n<h2><span class=\"ez-toc-section\" id=\"Dangerous_Building_Conditions_Attorney_in_Pittsburgh_PA\"><\/span><span data-sheets-root=\"1\">Abogado especializado en condiciones peligrosas en edificios en <\/span><span data-sheets-root=\"1\">Pittsburgh, Pensilvania<\/span><span class=\"ez-toc-section-end\"><\/span><\/h2>\n<p>Los propietarios de viviendas y de inmuebles destinados a actividades comerciales, recreativas o de servicios p\u00fablicos en Pensilvania tienen la responsabilidad de garantizar que los edificios y los terrenos se mantengan razonablemente libres de peligros que puedan causar lesiones o la muerte a visitantes y trabajadores. Esta responsabilidad se extiende a los estacionamientos y las aceras en el exterior, as\u00ed como al dise\u00f1o seguro y el mantenimiento de las instalaciones y los servicios p\u00fablicos en el interior de todo el edificio.<\/p>\n<p>Las personas que sufren lesiones en accidentes relacionados con la responsabilidad civil por las instalaciones disponen de dos v\u00edas b\u00e1sicas para presentar una demanda en virtud de las leyes de responsabilidad civil por las instalaciones de Pensilvania. En primer lugar, las instalaciones deben mantenerse en buen estado para prevenir riesgos evitables que puedan surgir durante su funcionamiento. Esto incluye, por ejemplo, limpiar los derrames de manera oportuna, reparar escalones y pasamanos sueltos, y subsanar grietas y baches peligrosos que puedan causar <a href=\"https:\/\/aldlawfirm.com\/es\/abogado-especializado-en-resbalones-y-caidas-en-pittsburgh\/\">riesgos de tropiezos<\/a> a los peatones.<\/p>\n<p>En segundo lugar, el propietario tambi\u00e9n es responsable de las condiciones peligrosas derivadas de un dise\u00f1o o una construcci\u00f3n defectuosos del edificio, incluso si dicha condici\u00f3n peligrosa no es evidente de inmediato. Esto puede incluir un cableado el\u00e9ctrico defectuoso que provoque un incendio, puertas de garaje autom\u00e1ticas que se caigan, medidas de seguridad inadecuadas en los muelles de carga y una filtraci\u00f3n insuficiente del aire en los sistemas de climatizaci\u00f3n.<\/p>\n<h2><span class=\"ez-toc-section\" id=\"Experienced_Pennsylvania_Safety_Hazard_Injury_Attorney\"><\/span>Abogado con experiencia en lesiones por riesgos de seguridad en Pensilvania<span class=\"ez-toc-section-end\"><\/span><\/h2>\n<p>Si ha sufrido una lesi\u00f3n en un edificio o en las instalaciones de un negocio debido a un dise\u00f1o inseguro o a un defecto en alg\u00fan servicio o componente del edificio en cualquier lugar del oeste o el centro de Pensilvania, llame a Ainsman Levine, LLC, en Pittsburgh. Somos un equipo con amplia experiencia en <a href=\"https:\/\/aldlawfirm.com\/es\/abogado-especializado-en-responsabilidad-civil-por-las-instalaciones-en-pittsburgh\/\">litigios por responsabilidad civil por las instalaciones<\/a> abogados con una trayectoria de \u00e9xito ayudando a las personas a obtener la indemnizaci\u00f3n completa y justa a la que tienen derecho del seguro del propietario.<\/p>\n    \n    <div class=\"cmn-box\" style=\"background-color: #c99547;\">\n        <h2 style=\"color: #ffffff;\">\n            Nosotros luchamos... para que t\u00fa no tengas que hacerlo \n        <\/h2>\n\n          <p style=\"color: #fff;\">\n                D\u00e9cadas de experiencia en los tribunales. Miles de clientes atendidos. <\/p>\n\n        <div class=\"cmn-box-cnslt-btn\">\n            <div class=\"cnslt-btn\">\n                <a href=\"https:\/\/aldlawfirm.com\/es\/contacto\/\" \n                   class=\"cmn-btn\" \n                   style=\"background-color: #345c72;                           color: #fff;                          border-color:#fff ;\">\n                    Programa una consulta gratuita                <\/a>\n            <\/div>\n\n           <div class=\"cnslt-call\">\n                \n                    <p><a href=\"tel:4123389030\" style=\"color: #fff;\">\n                    412-338-9030 \n                <\/a><\/p>\n                \n            <\/div> \n        <\/div>\n    <\/div>\n\n    \n<h2><span class=\"ez-toc-section\" id=\"Multiple_Levels_Of_Liability\"><\/span>Varios niveles de responsabilidad<span class=\"ez-toc-section-end\"><\/span><\/h2>\n<p>Los propietarios y administradores de inmuebles suelen culpar r\u00e1pidamente a terceros cuando ocurre un percance que provoca lesiones graves o la muerte. Las demandas por responsabilidad civil de las instalaciones derivadas de un dise\u00f1o defectuoso o de defectos de construcci\u00f3n pueden incluir a m\u00faltiples demandados, entre ellos el propietario del inmueble, los subcontratistas de mantenimiento, las empresas de instalaci\u00f3n el\u00e9ctrica y de sistemas de climatizaci\u00f3n, e incluso el estudio de arquitectura responsable del dise\u00f1o y la elecci\u00f3n de los materiales. Contamos con la experiencia profesional y los recursos necesarios para investigar a fondo las causas del accidente y el alcance total de la responsabilidad de todas las partes a efectos de la indemnizaci\u00f3n.<\/p>\n<h2><span class=\"ez-toc-section\" id=\"Premises_Liability_Claims_Handled_On_A_Contingency_Fee_Basis\"><\/span>Reclamaciones por responsabilidad civil de propietarios de inmuebles gestionadas con honorarios contingentes<span class=\"ez-toc-section-end\"><\/span><\/h2>\n<p>En Ainsman Levine, LLC, nuestros abogados ofrecen servicios legales con amplia experiencia y personalizados, dise\u00f1ados para satisfacer las necesidades y los objetivos a corto y largo plazo de nuestros clientes. Somos los abogados especializados en lesiones personales de Pittsburgh que hablan sin rodeos.<\/p>\n<p>Nuestras oficinas se encuentran justo al lado de la Parkway, junto al edificio City-County, en el centro de Pittsburgh. <a href=\"https:\/\/aldlawfirm.com\/es\/contacto\/\">Cont\u00e1ctanos<\/a> para hablar sobre tus dudas y preocupaciones durante una <strong>consulta gratuita<\/strong> P\u00f3ngase en contacto hoy mismo con uno de nuestros abogados expertos en edificios peligrosos y defectuosos de Pittsburgh. Mientras est\u00e9 representado por este bufete, habr\u00e1 <strong>No se cobrar\u00e1n honorarios de abogados ni costas si no se obtiene una indemnizaci\u00f3n por da\u00f1os y perjuicios<\/strong> en un acuerdo extrajudicial o en un veredicto del jurado.<\/p>\n<p>Entendemos que sus lesiones u otras circunstancias pueden dificultarle acudir a nuestras oficinas en el centro de Pittsburgh. Nuestros abogados pueden organizar visitas a domicilio, a la oficina y al hospital en todo el oeste y el centro de Pensilvania.<\/p>","protected":false},"excerpt":{"rendered":"<p>Dangerous Building Conditions Attorney in Pittsburgh, PA Homeowners and owners of properties used for business, recreation or public services in Pennsylvania are responsible for ensuring that the buildings and grounds are kept reasonably free from hazards that may cause injury or death to visitors and workers. This responsibility extends to parking lots and sidewalks on [&hellip;]<\/p>\n","protected":false},"author":1,"featured_media":0,"parent":0,"menu_order":0,"comment_status":"closed","ping_status":"closed","template":"","meta":{"_acf_changed":false,"footnotes":""},"categories":[],"tags":[],"class_list":["post-1135","page","type-page","status-publish","hentry"],"acf":[],"yoast_head":"<!-- This site is optimized with the Yoast SEO plugin v27.3 - https:\/\/yoast.com\/product\/yoast-seo-wordpress\/ -->\n<title>Pittsburgh Dangerous Building Conditions Lawyer - Free Consultation<\/title>\n<meta name=\"description\" content=\"Hurt due to unsafe conditions? A Pittsburgh Dangerous Building Conditions Lawyer at Ainsman Levine, LLC can help. Contact us today.\" \/>\n<meta name=\"robots\" content=\"index, follow, max-snippet:-1, max-image-preview:large, max-video-preview:-1\" \/>\n<link rel=\"canonical\" href=\"https:\/\/aldlawfirm.com\/es\/abogado-especializado-en-condiciones-peligrosas-en-edificios-en-pittsburgh\/\" \/>\n<meta property=\"og:locale\" content=\"es_MX\" \/>\n<meta property=\"og:type\" content=\"article\" \/>\n<meta property=\"og:title\" content=\"Pittsburgh Dangerous Building Conditions Lawyer - Free Consultation\" \/>\n<meta property=\"og:description\" content=\"Hurt due to unsafe conditions? A Pittsburgh Dangerous Building Conditions Lawyer at Ainsman Levine, LLC can help. Contact us today.\" \/>\n<meta property=\"og:url\" content=\"https:\/\/aldlawfirm.com\/es\/abogado-especializado-en-condiciones-peligrosas-en-edificios-en-pittsburgh\/\" \/>\n<meta property=\"og:site_name\" content=\"Ainsman Levine, LLC\" \/>\n<meta property=\"article:publisher\" content=\"http:\/\/facebook.com\/AinsmanLevineLLC\/\" \/>\n<meta property=\"article:modified_time\" content=\"2026-03-18T11:36:52+00:00\" \/>\n<meta name=\"twitter:card\" content=\"summary_large_image\" \/>\n<meta name=\"twitter:site\" content=\"@ainsmanlevine\" \/>\n<meta name=\"twitter:label1\" content=\"Tiempo de lectura\" \/>\n\t<meta name=\"twitter:data1\" content=\"3 minutos\" \/>\n<script type=\"application\/ld+json\" class=\"yoast-schema-graph\">{\"@context\":\"https:\\\/\\\/schema.org\",\"@graph\":[{\"@type\":\"WebPage\",\"@id\":\"https:\\\/\\\/aldlawfirm.com\\\/pittsburgh-dangerous-building-conditions-lawyer\\\/\",\"url\":\"https:\\\/\\\/aldlawfirm.com\\\/pittsburgh-dangerous-building-conditions-lawyer\\\/\",\"name\":\"Pittsburgh Dangerous Building Conditions Lawyer - Free Consultation\",\"isPartOf\":{\"@id\":\"https:\\\/\\\/aldlawfirm.com\\\/#website\"},\"datePublished\":\"2025-12-17T06:30:21+00:00\",\"dateModified\":\"2026-03-18T11:36:52+00:00\",\"description\":\"Hurt due to unsafe conditions? A Pittsburgh Dangerous Building Conditions Lawyer at Ainsman Levine, LLC can help. Contact us today.\",\"breadcrumb\":{\"@id\":\"https:\\\/\\\/aldlawfirm.com\\\/pittsburgh-dangerous-building-conditions-lawyer\\\/#breadcrumb\"},\"inLanguage\":\"es\",\"potentialAction\":[{\"@type\":\"ReadAction\",\"target\":[\"https:\\\/\\\/aldlawfirm.com\\\/pittsburgh-dangerous-building-conditions-lawyer\\\/\"]}]},{\"@type\":\"BreadcrumbList\",\"@id\":\"https:\\\/\\\/aldlawfirm.com\\\/pittsburgh-dangerous-building-conditions-lawyer\\\/#breadcrumb\",\"itemListElement\":[{\"@type\":\"ListItem\",\"position\":1,\"name\":\"Home\",\"item\":\"https:\\\/\\\/aldlawfirm.com\\\/\"},{\"@type\":\"ListItem\",\"position\":2,\"name\":\"Pittsburgh Dangerous Building Conditions Lawyer\"}]},{\"@type\":\"WebSite\",\"@id\":\"https:\\\/\\\/aldlawfirm.com\\\/#website\",\"url\":\"https:\\\/\\\/aldlawfirm.com\\\/\",\"name\":\"Ainsman Levine, LLC\",\"description\":\"\",\"publisher\":{\"@id\":\"https:\\\/\\\/aldlawfirm.com\\\/#organization\"},\"potentialAction\":[{\"@type\":\"SearchAction\",\"target\":{\"@type\":\"EntryPoint\",\"urlTemplate\":\"https:\\\/\\\/aldlawfirm.com\\\/?s={search_term_string}\"},\"query-input\":{\"@type\":\"PropertyValueSpecification\",\"valueRequired\":true,\"valueName\":\"search_term_string\"}}],\"inLanguage\":\"es\"},{\"@type\":\"Organization\",\"@id\":\"https:\\\/\\\/aldlawfirm.com\\\/#organization\",\"name\":\"Ainsman Levine, LLC\",\"alternateName\":\"Ainsman Levine, LLC\",\"url\":\"https:\\\/\\\/aldlawfirm.com\\\/\",\"logo\":{\"@type\":\"ImageObject\",\"inLanguage\":\"es\",\"@id\":\"https:\\\/\\\/aldlawfirm.com\\\/#\\\/schema\\\/logo\\\/image\\\/\",\"url\":\"https:\\\/\\\/aldlawfirm.com\\\/wp-content\\\/uploads\\\/2025\\\/12\\\/favicon.webp\",\"contentUrl\":\"https:\\\/\\\/aldlawfirm.com\\\/wp-content\\\/uploads\\\/2025\\\/12\\\/favicon.webp\",\"width\":118,\"height\":106,\"caption\":\"Ainsman Levine, LLC\"},\"image\":{\"@id\":\"https:\\\/\\\/aldlawfirm.com\\\/#\\\/schema\\\/logo\\\/image\\\/\"},\"sameAs\":[\"http:\\\/\\\/facebook.com\\\/AinsmanLevineLLC\\\/\",\"https:\\\/\\\/x.com\\\/ainsmanlevine\",\"https:\\\/\\\/www.linkedin.com\\\/company\\\/ainsman-levine-llc\",\"https:\\\/\\\/www.linkedin.com\\\/in\\\/richard-levine-3863762a\",\"https:\\\/\\\/www.instagram.com\\\/p\\\/DV0nriXlK_3\\\/\",\"https:\\\/\\\/www.ilawconnect.com\\\/pittsburgh\\\/attorney\\\/ainsman-levine-llc\",\"https:\\\/\\\/profiles.superlawyers.com\\\/pennsylvania\\\/pittsburgh\\\/lawyer\\\/richard-c-levine\\\/28e2219e-f2dc-42e4-a57d-df5fc2f098e5.html\",\"https:\\\/\\\/www.lawyer.com\\\/firms\\\/ainsman-levine-drexler-llc.html\",\"https:\\\/\\\/www.datanyze.com\\\/companies\\\/ainsman-levine\\\/3920152\",\"https:\\\/\\\/www.zoominfo.com\\\/c\\\/ainsman-levine\\\/3920152\",\"https:\\\/\\\/www.legallistings.us\\\/united-states\\\/pittsburgh\\\/attorneys\\\/ainsman-levine-llc\",\"https:\\\/\\\/www.yelp.com\\\/biz\\\/ainsman-levine-pittsburgh-2\",\"https:\\\/\\\/www.lawyers.com\\\/pittsburgh\\\/pennsylvania\\\/ainsman-levine-drexler-llc-1558729-f\\\/#profile-attorneys\",\"https:\\\/\\\/disabilityfiled.com\\\/directory\\\/ainsman-levine-pittsburgh-pa\",\"https:\\\/\\\/www.lawyers.com\\\/pittsburgh\\\/pennsylvania\\\/ainsman-levine-drexler-llc-1558729-f\\\/#profile-about\",\"https:\\\/\\\/www.padisciplinaryboard.org\\\/for-the-public\\\/find-attorney\\\/attorney-detail\\\/36627\",\"https:\\\/\\\/clutch.co\\\/profile\\\/ainsman-levine\",\"https:\\\/\\\/lawful.com\\\/pa\\\/pittsburgh\\\/personal-injury-lawyers\\\/ainsman-levine--llc-dbJd2Tk7u\",\"https:\\\/\\\/www.martindale.com\\\/organization\\\/ainsman-levine-drexler-llc-1250115\\\/pittsburgh-pennsylvania-1558729-f\\\/\",\"https:\\\/\\\/www.lawinfo.com\\\/lawfirm\\\/pennsylvania\\\/pittsburgh\\\/ainsman-levine-llc\\\/4c1c5e20-83a4-4dbe-9813-6f35d9036d9e.html\",\"https:\\\/\\\/lawyers.findlaw.com\\\/pennsylvania\\\/pittsburgh\\\/2107322_1\\\/\",\"https:\\\/\\\/profiles.superlawyers.com\\\/pennsylvania\\\/pittsburgh\\\/lawfirm\\\/ainsman-levine-llc\\\/4c1c5e20-83a4-4dbe-9813-6f35d9036d9e.html\",\"https:\\\/\\\/www.yelp.com\\\/biz\\\/ainsman-levine-pittsburgh\"]}]}<\/script>\n<!-- \/ Yoast SEO plugin. -->","yoast_head_json":{"title":"Abogado especializado en condiciones peligrosas en edificios en Pittsburgh - Consulta gratuita","description":"\u00bfHa sufrido lesiones debido a condiciones inseguras? Un abogado especializado en condiciones peligrosas en edificios de Pittsburgh de Ainsman Levine, LLC puede ayudarle. Cont\u00e1ctenos hoy mismo.","robots":{"index":"index","follow":"follow","max-snippet":"max-snippet:-1","max-image-preview":"max-image-preview:large","max-video-preview":"max-video-preview:-1"},"canonical":"https:\/\/aldlawfirm.com\/es\/abogado-especializado-en-condiciones-peligrosas-en-edificios-en-pittsburgh\/","og_locale":"es_MX","og_type":"article","og_title":"Pittsburgh Dangerous Building Conditions Lawyer - Free Consultation","og_description":"Hurt due to unsafe conditions? A Pittsburgh Dangerous Building Conditions Lawyer at Ainsman Levine, LLC can help. Contact us today.","og_url":"https:\/\/aldlawfirm.com\/es\/abogado-especializado-en-condiciones-peligrosas-en-edificios-en-pittsburgh\/","og_site_name":"Ainsman Levine, LLC","article_publisher":"http:\/\/facebook.com\/AinsmanLevineLLC\/","article_modified_time":"2026-03-18T11:36:52+00:00","twitter_card":"summary_large_image","twitter_site":"@ainsmanlevine","twitter_misc":{"Tiempo de lectura":"3 minutos"},"schema":{"@context":"https:\/\/schema.org","@graph":[{"@type":"WebPage","@id":"https:\/\/aldlawfirm.com\/pittsburgh-dangerous-building-conditions-lawyer\/","url":"https:\/\/aldlawfirm.com\/pittsburgh-dangerous-building-conditions-lawyer\/","name":"Abogado especializado en condiciones peligrosas en edificios en Pittsburgh - Consulta gratuita","isPartOf":{"@id":"https:\/\/aldlawfirm.com\/#website"},"datePublished":"2025-12-17T06:30:21+00:00","dateModified":"2026-03-18T11:36:52+00:00","description":"\u00bfHa sufrido lesiones debido a condiciones inseguras? Un abogado especializado en condiciones peligrosas en edificios de Pittsburgh de Ainsman Levine, LLC puede ayudarle. Cont\u00e1ctenos hoy mismo.","breadcrumb":{"@id":"https:\/\/aldlawfirm.com\/pittsburgh-dangerous-building-conditions-lawyer\/#breadcrumb"},"inLanguage":"es","potentialAction":[{"@type":"ReadAction","target":["https:\/\/aldlawfirm.com\/pittsburgh-dangerous-building-conditions-lawyer\/"]}]},{"@type":"BreadcrumbList","@id":"https:\/\/aldlawfirm.com\/pittsburgh-dangerous-building-conditions-lawyer\/#breadcrumb","itemListElement":[{"@type":"ListItem","position":1,"name":"Home","item":"https:\/\/aldlawfirm.com\/"},{"@type":"ListItem","position":2,"name":"Pittsburgh Dangerous Building Conditions Lawyer"}]},{"@type":"WebSite","@id":"https:\/\/aldlawfirm.com\/#website","url":"https:\/\/aldlawfirm.com\/","name":"Ainsman Levine, LLC","description":"","publisher":{"@id":"https:\/\/aldlawfirm.com\/#organization"},"potentialAction":[{"@type":"SearchAction","target":{"@type":"EntryPoint","urlTemplate":"https:\/\/aldlawfirm.com\/?s={search_term_string}"},"query-input":{"@type":"PropertyValueSpecification","valueRequired":true,"valueName":"search_term_string"}}],"inLanguage":"es"},{"@type":"Organization","@id":"https:\/\/aldlawfirm.com\/#organization","name":"Ainsman Levine, LLC","alternateName":"Ainsman Levine, LLC","url":"https:\/\/aldlawfirm.com\/","logo":{"@type":"ImageObject","inLanguage":"es","@id":"https:\/\/aldlawfirm.com\/#\/schema\/logo\/image\/","url":"https:\/\/aldlawfirm.com\/wp-content\/uploads\/2025\/12\/favicon.webp","contentUrl":"https:\/\/aldlawfirm.com\/wp-content\/uploads\/2025\/12\/favicon.webp","width":118,"height":106,"caption":"Ainsman Levine, LLC"},"image":{"@id":"https:\/\/aldlawfirm.com\/#\/schema\/logo\/image\/"},"sameAs":["http:\/\/facebook.com\/AinsmanLevineLLC\/","https:\/\/x.com\/ainsmanlevine","https:\/\/www.linkedin.com\/company\/ainsman-levine-llc","https:\/\/www.linkedin.com\/in\/richard-levine-3863762a","https:\/\/www.instagram.com\/p\/DV0nriXlK_3\/","https:\/\/www.ilawconnect.com\/pittsburgh\/attorney\/ainsman-levine-llc","https:\/\/profiles.superlawyers.com\/pennsylvania\/pittsburgh\/lawyer\/richard-c-levine\/28e2219e-f2dc-42e4-a57d-df5fc2f098e5.html","https:\/\/www.lawyer.com\/firms\/ainsman-levine-drexler-llc.html","https:\/\/www.datanyze.com\/companies\/ainsman-levine\/3920152","https:\/\/www.zoominfo.com\/c\/ainsman-levine\/3920152","https:\/\/www.legallistings.us\/united-states\/pittsburgh\/attorneys\/ainsman-levine-llc","https:\/\/www.yelp.com\/biz\/ainsman-levine-pittsburgh-2","https:\/\/www.lawyers.com\/pittsburgh\/pennsylvania\/ainsman-levine-drexler-llc-1558729-f\/#profile-attorneys","https:\/\/disabilityfiled.com\/directory\/ainsman-levine-pittsburgh-pa","https:\/\/www.lawyers.com\/pittsburgh\/pennsylvania\/ainsman-levine-drexler-llc-1558729-f\/#profile-about","https:\/\/www.padisciplinaryboard.org\/for-the-public\/find-attorney\/attorney-detail\/36627","https:\/\/clutch.co\/profile\/ainsman-levine","https:\/\/lawful.com\/pa\/pittsburgh\/personal-injury-lawyers\/ainsman-levine--llc-dbJd2Tk7u","https:\/\/www.martindale.com\/organization\/ainsman-levine-drexler-llc-1250115\/pittsburgh-pennsylvania-1558729-f\/","https:\/\/www.lawinfo.com\/lawfirm\/pennsylvania\/pittsburgh\/ainsman-levine-llc\/4c1c5e20-83a4-4dbe-9813-6f35d9036d9e.html","https:\/\/lawyers.findlaw.com\/pennsylvania\/pittsburgh\/2107322_1\/","https:\/\/profiles.superlawyers.com\/pennsylvania\/pittsburgh\/lawfirm\/ainsman-levine-llc\/4c1c5e20-83a4-4dbe-9813-6f35d9036d9e.html","https:\/\/www.yelp.com\/biz\/ainsman-levine-pittsburgh"]}]}},"_links":{"self":[{"href":"https:\/\/aldlawfirm.com\/es\/wp-json\/wp\/v2\/pages\/1135","targetHints":{"allow":["GET"]}}],"collection":[{"href":"https:\/\/aldlawfirm.com\/es\/wp-json\/wp\/v2\/pages"}],"about":[{"href":"https:\/\/aldlawfirm.com\/es\/wp-json\/wp\/v2\/types\/page"}],"author":[{"embeddable":true,"href":"https:\/\/aldlawfirm.com\/es\/wp-json\/wp\/v2\/users\/1"}],"replies":[{"embeddable":true,"href":"https:\/\/aldlawfirm.com\/es\/wp-json\/wp\/v2\/comments?post=1135"}],"version-history":[{"count":3,"href":"https:\/\/aldlawfirm.com\/es\/wp-json\/wp\/v2\/pages\/1135\/revisions"}],"predecessor-version":[{"id":3360,"href":"https:\/\/aldlawfirm.com\/es\/wp-json\/wp\/v2\/pages\/1135\/revisions\/3360"}],"wp:attachment":[{"href":"https:\/\/aldlawfirm.com\/es\/wp-json\/wp\/v2\/media?parent=1135"}],"wp:term":[{"taxonomy":"category","embeddable":true,"href":"https:\/\/aldlawfirm.com\/es\/wp-json\/wp\/v2\/categories?post=1135"},{"taxonomy":"post_tag","embeddable":true,"href":"https:\/\/aldlawfirm.com\/es\/wp-json\/wp\/v2\/tags?post=1135"}],"curies":[{"name":"wp","href":"https:\/\/api.w.org\/{rel}","templated":true}]}}