{"id":362,"date":"2025-09-29T06:07:31","date_gmt":"2025-09-29T06:07:31","guid":{"rendered":"https:\/\/aldlawfirm.com\/?page_id=362"},"modified":"2026-03-02T08:45:25","modified_gmt":"2026-03-02T08:45:25","slug":"aviso-legal","status":"publish","type":"page","link":"https:\/\/aldlawfirm.com\/es\/disclaimer\/","title":{"rendered":"Aviso legal"},"content":{"rendered":"<p>Este sitio web tiene como \u00fanico objetivo proporcionar informaci\u00f3n general. Nada de lo que aparece en este sitio web pretende constituir asesoramiento legal. Al utilizar este sitio web, usted reconoce y acepta que no ha establecido una relaci\u00f3n abogado-cliente con Ainsman Levine, LLC, y que no se basar\u00e1 en ninguna informaci\u00f3n contenida en este sitio web. A menos que y hasta que se haya formalizado plenamente un contrato de representaci\u00f3n entre Ainsman Levine, LLC y usted, no tomaremos ninguna medida en su nombre. Tenga en cuenta que todos los casos tienen plazos o \u201cplazos de prescripci\u00f3n\u201d en los que debe presentar una demanda o una denuncia administrativa. Nuestra capacidad para analizar su posible caso depende totalmente de la exactitud de la informaci\u00f3n que nos proporcione. Los veredictos y acuerdos no constituyen una garant\u00eda ni una predicci\u00f3n respecto al resultado de su caso y pueden no representar la resoluci\u00f3n final del mismo mediante apelaci\u00f3n, acuerdo u otros medios. Cada caso es diferente y ning\u00fan abogado puede garantizarle un resultado favorable.<\/p>","protected":false},"excerpt":{"rendered":"<p>This website is intended to provide general information only. Nothing contained in this website is intended to provide legal advice. By using this website you acknowledge and agree that you have not formed an attorney-client relationship with Ainsman Levine, LLC, and will not rely on any information contained on this website. Unless and until a [&hellip;]<\/p>\n","protected":false},"author":1,"featured_media":0,"parent":0,"menu_order":0,"comment_status":"closed","ping_status":"closed","template":"","meta":{"_acf_changed":false,"footnotes":""},"categories":[],"tags":[],"class_list":["post-362","page","type-page","status-publish","hentry"],"acf":[],"yoast_head":"<!-- This site is optimized with the Yoast SEO plugin v27.3 - https:\/\/yoast.com\/product\/yoast-seo-wordpress\/ -->\n<title>Disclaimer | Ainsman Levine, LLC | Pittsburgh, Pennsylvania<\/title>\n<meta name=\"description\" content=\"Call the Pittsburgh injury lawyers at Ainsman Levine, LLC, at 412-944-2235. Free Consultation. Serving Western and Central Pennsylvania.\" \/>\n<meta name=\"robots\" content=\"noindex, nofollow\" \/>\n<meta property=\"og:locale\" content=\"es_MX\" \/>\n<meta property=\"og:type\" content=\"article\" \/>\n<meta property=\"og:title\" content=\"Disclaimer | Ainsman Levine, LLC | Pittsburgh, Pennsylvania\" \/>\n<meta property=\"og:description\" content=\"Call the Pittsburgh injury lawyers at Ainsman Levine, LLC, at 412-944-2235. Free Consultation. Serving Western and Central Pennsylvania.\" \/>\n<meta property=\"og:url\" content=\"https:\/\/aldlawfirm.com\/es\/aviso-legal\/\" \/>\n<meta property=\"og:site_name\" content=\"Ainsman Levine, LLC\" \/>\n<meta property=\"article:publisher\" content=\"http:\/\/facebook.com\/AinsmanLevineLLC\/\" \/>\n<meta property=\"article:modified_time\" content=\"2026-03-02T08:45:25+00:00\" \/>\n<meta name=\"twitter:card\" content=\"summary_large_image\" \/>\n<meta name=\"twitter:site\" content=\"@ainsmanlevine\" \/>\n<meta name=\"twitter:label1\" content=\"Tiempo de lectura\" \/>\n\t<meta name=\"twitter:data1\" content=\"1 minuto\" \/>\n<script type=\"application\/ld+json\" class=\"yoast-schema-graph\">{\"@context\":\"https:\\\/\\\/schema.org\",\"@graph\":[{\"@type\":\"WebPage\",\"@id\":\"https:\\\/\\\/aldlawfirm.com\\\/disclaimer\\\/\",\"url\":\"https:\\\/\\\/aldlawfirm.com\\\/disclaimer\\\/\",\"name\":\"Disclaimer | Ainsman Levine, LLC | Pittsburgh, Pennsylvania\",\"isPartOf\":{\"@id\":\"https:\\\/\\\/aldlawfirm.com\\\/#website\"},\"datePublished\":\"2025-09-29T06:07:31+00:00\",\"dateModified\":\"2026-03-02T08:45:25+00:00\",\"description\":\"Call the Pittsburgh injury lawyers at Ainsman Levine, LLC, at 412-944-2235. Free Consultation. Serving Western and Central Pennsylvania.\",\"breadcrumb\":{\"@id\":\"https:\\\/\\\/aldlawfirm.com\\\/disclaimer\\\/#breadcrumb\"},\"inLanguage\":\"es\",\"potentialAction\":[{\"@type\":\"ReadAction\",\"target\":[\"https:\\\/\\\/aldlawfirm.com\\\/disclaimer\\\/\"]}]},{\"@type\":\"BreadcrumbList\",\"@id\":\"https:\\\/\\\/aldlawfirm.com\\\/disclaimer\\\/#breadcrumb\",\"itemListElement\":[{\"@type\":\"ListItem\",\"position\":1,\"name\":\"Home\",\"item\":\"https:\\\/\\\/aldlawfirm.com\\\/\"},{\"@type\":\"ListItem\",\"position\":2,\"name\":\"Disclaimer\"}]},{\"@type\":\"WebSite\",\"@id\":\"https:\\\/\\\/aldlawfirm.com\\\/#website\",\"url\":\"https:\\\/\\\/aldlawfirm.com\\\/\",\"name\":\"Ainsman Levine, LLC\",\"description\":\"\",\"publisher\":{\"@id\":\"https:\\\/\\\/aldlawfirm.com\\\/#organization\"},\"potentialAction\":[{\"@type\":\"SearchAction\",\"target\":{\"@type\":\"EntryPoint\",\"urlTemplate\":\"https:\\\/\\\/aldlawfirm.com\\\/?s={search_term_string}\"},\"query-input\":{\"@type\":\"PropertyValueSpecification\",\"valueRequired\":true,\"valueName\":\"search_term_string\"}}],\"inLanguage\":\"es\"},{\"@type\":\"Organization\",\"@id\":\"https:\\\/\\\/aldlawfirm.com\\\/#organization\",\"name\":\"Ainsman Levine, LLC\",\"alternateName\":\"Ainsman Levine, LLC\",\"url\":\"https:\\\/\\\/aldlawfirm.com\\\/\",\"logo\":{\"@type\":\"ImageObject\",\"inLanguage\":\"es\",\"@id\":\"https:\\\/\\\/aldlawfirm.com\\\/#\\\/schema\\\/logo\\\/image\\\/\",\"url\":\"https:\\\/\\\/aldlawfirm.com\\\/wp-content\\\/uploads\\\/2025\\\/12\\\/favicon.webp\",\"contentUrl\":\"https:\\\/\\\/aldlawfirm.com\\\/wp-content\\\/uploads\\\/2025\\\/12\\\/favicon.webp\",\"width\":118,\"height\":106,\"caption\":\"Ainsman Levine, LLC\"},\"image\":{\"@id\":\"https:\\\/\\\/aldlawfirm.com\\\/#\\\/schema\\\/logo\\\/image\\\/\"},\"sameAs\":[\"http:\\\/\\\/facebook.com\\\/AinsmanLevineLLC\\\/\",\"https:\\\/\\\/x.com\\\/ainsmanlevine\",\"https:\\\/\\\/www.linkedin.com\\\/company\\\/ainsman-levine-llc\",\"https:\\\/\\\/www.linkedin.com\\\/in\\\/richard-levine-3863762a\",\"https:\\\/\\\/www.instagram.com\\\/p\\\/DV0nriXlK_3\\\/\",\"https:\\\/\\\/www.ilawconnect.com\\\/pittsburgh\\\/attorney\\\/ainsman-levine-llc\",\"https:\\\/\\\/profiles.superlawyers.com\\\/pennsylvania\\\/pittsburgh\\\/lawyer\\\/richard-c-levine\\\/28e2219e-f2dc-42e4-a57d-df5fc2f098e5.html\",\"https:\\\/\\\/www.lawyer.com\\\/firms\\\/ainsman-levine-drexler-llc.html\",\"https:\\\/\\\/www.datanyze.com\\\/companies\\\/ainsman-levine\\\/3920152\",\"https:\\\/\\\/www.zoominfo.com\\\/c\\\/ainsman-levine\\\/3920152\",\"https:\\\/\\\/www.legallistings.us\\\/united-states\\\/pittsburgh\\\/attorneys\\\/ainsman-levine-llc\",\"https:\\\/\\\/www.yelp.com\\\/biz\\\/ainsman-levine-pittsburgh-2\",\"https:\\\/\\\/www.lawyers.com\\\/pittsburgh\\\/pennsylvania\\\/ainsman-levine-drexler-llc-1558729-f\\\/#profile-attorneys\",\"https:\\\/\\\/disabilityfiled.com\\\/directory\\\/ainsman-levine-pittsburgh-pa\",\"https:\\\/\\\/www.lawyers.com\\\/pittsburgh\\\/pennsylvania\\\/ainsman-levine-drexler-llc-1558729-f\\\/#profile-about\",\"https:\\\/\\\/www.padisciplinaryboard.org\\\/for-the-public\\\/find-attorney\\\/attorney-detail\\\/36627\",\"https:\\\/\\\/clutch.co\\\/profile\\\/ainsman-levine\",\"https:\\\/\\\/lawful.com\\\/pa\\\/pittsburgh\\\/personal-injury-lawyers\\\/ainsman-levine--llc-dbJd2Tk7u\",\"https:\\\/\\\/www.martindale.com\\\/organization\\\/ainsman-levine-drexler-llc-1250115\\\/pittsburgh-pennsylvania-1558729-f\\\/\",\"https:\\\/\\\/www.lawinfo.com\\\/lawfirm\\\/pennsylvania\\\/pittsburgh\\\/ainsman-levine-llc\\\/4c1c5e20-83a4-4dbe-9813-6f35d9036d9e.html\",\"https:\\\/\\\/lawyers.findlaw.com\\\/pennsylvania\\\/pittsburgh\\\/2107322_1\\\/\",\"https:\\\/\\\/profiles.superlawyers.com\\\/pennsylvania\\\/pittsburgh\\\/lawfirm\\\/ainsman-levine-llc\\\/4c1c5e20-83a4-4dbe-9813-6f35d9036d9e.html\",\"https:\\\/\\\/www.yelp.com\\\/biz\\\/ainsman-levine-pittsburgh\"]}]}<\/script>\n<!-- \/ Yoast SEO plugin. -->","yoast_head_json":{"title":"Aviso legal | Ainsman Levine, LLC | Pittsburgh, Pensilvania","description":"Llame a los abogados especializados en lesiones de Pittsburgh de Ainsman Levine, LLC, al 412-944-2235. Consulta gratuita. Prestamos servicios en el oeste y el centro de Pensilvania.","robots":{"index":"noindex","follow":"nofollow"},"og_locale":"es_MX","og_type":"article","og_title":"Disclaimer | Ainsman Levine, LLC | Pittsburgh, Pennsylvania","og_description":"Call the Pittsburgh injury lawyers at Ainsman Levine, LLC, at 412-944-2235. Free Consultation. Serving Western and Central Pennsylvania.","og_url":"https:\/\/aldlawfirm.com\/es\/aviso-legal\/","og_site_name":"Ainsman Levine, LLC","article_publisher":"http:\/\/facebook.com\/AinsmanLevineLLC\/","article_modified_time":"2026-03-02T08:45:25+00:00","twitter_card":"summary_large_image","twitter_site":"@ainsmanlevine","twitter_misc":{"Tiempo de lectura":"1 minuto"},"schema":{"@context":"https:\/\/schema.org","@graph":[{"@type":"WebPage","@id":"https:\/\/aldlawfirm.com\/disclaimer\/","url":"https:\/\/aldlawfirm.com\/disclaimer\/","name":"Aviso legal | Ainsman Levine, LLC | Pittsburgh, Pensilvania","isPartOf":{"@id":"https:\/\/aldlawfirm.com\/#website"},"datePublished":"2025-09-29T06:07:31+00:00","dateModified":"2026-03-02T08:45:25+00:00","description":"Llame a los abogados especializados en lesiones de Pittsburgh de Ainsman Levine, LLC, al 412-944-2235. Consulta gratuita. Prestamos servicios en el oeste y el centro de Pensilvania.","breadcrumb":{"@id":"https:\/\/aldlawfirm.com\/disclaimer\/#breadcrumb"},"inLanguage":"es","potentialAction":[{"@type":"ReadAction","target":["https:\/\/aldlawfirm.com\/disclaimer\/"]}]},{"@type":"BreadcrumbList","@id":"https:\/\/aldlawfirm.com\/disclaimer\/#breadcrumb","itemListElement":[{"@type":"ListItem","position":1,"name":"Home","item":"https:\/\/aldlawfirm.com\/"},{"@type":"ListItem","position":2,"name":"Disclaimer"}]},{"@type":"WebSite","@id":"https:\/\/aldlawfirm.com\/#website","url":"https:\/\/aldlawfirm.com\/","name":"Ainsman Levine, LLC","description":"","publisher":{"@id":"https:\/\/aldlawfirm.com\/#organization"},"potentialAction":[{"@type":"SearchAction","target":{"@type":"EntryPoint","urlTemplate":"https:\/\/aldlawfirm.com\/?s={search_term_string}"},"query-input":{"@type":"PropertyValueSpecification","valueRequired":true,"valueName":"search_term_string"}}],"inLanguage":"es"},{"@type":"Organization","@id":"https:\/\/aldlawfirm.com\/#organization","name":"Ainsman Levine, LLC","alternateName":"Ainsman Levine, LLC","url":"https:\/\/aldlawfirm.com\/","logo":{"@type":"ImageObject","inLanguage":"es","@id":"https:\/\/aldlawfirm.com\/#\/schema\/logo\/image\/","url":"https:\/\/aldlawfirm.com\/wp-content\/uploads\/2025\/12\/favicon.webp","contentUrl":"https:\/\/aldlawfirm.com\/wp-content\/uploads\/2025\/12\/favicon.webp","width":118,"height":106,"caption":"Ainsman Levine, LLC"},"image":{"@id":"https:\/\/aldlawfirm.com\/#\/schema\/logo\/image\/"},"sameAs":["http:\/\/facebook.com\/AinsmanLevineLLC\/","https:\/\/x.com\/ainsmanlevine","https:\/\/www.linkedin.com\/company\/ainsman-levine-llc","https:\/\/www.linkedin.com\/in\/richard-levine-3863762a","https:\/\/www.instagram.com\/p\/DV0nriXlK_3\/","https:\/\/www.ilawconnect.com\/pittsburgh\/attorney\/ainsman-levine-llc","https:\/\/profiles.superlawyers.com\/pennsylvania\/pittsburgh\/lawyer\/richard-c-levine\/28e2219e-f2dc-42e4-a57d-df5fc2f098e5.html","https:\/\/www.lawyer.com\/firms\/ainsman-levine-drexler-llc.html","https:\/\/www.datanyze.com\/companies\/ainsman-levine\/3920152","https:\/\/www.zoominfo.com\/c\/ainsman-levine\/3920152","https:\/\/www.legallistings.us\/united-states\/pittsburgh\/attorneys\/ainsman-levine-llc","https:\/\/www.yelp.com\/biz\/ainsman-levine-pittsburgh-2","https:\/\/www.lawyers.com\/pittsburgh\/pennsylvania\/ainsman-levine-drexler-llc-1558729-f\/#profile-attorneys","https:\/\/disabilityfiled.com\/directory\/ainsman-levine-pittsburgh-pa","https:\/\/www.lawyers.com\/pittsburgh\/pennsylvania\/ainsman-levine-drexler-llc-1558729-f\/#profile-about","https:\/\/www.padisciplinaryboard.org\/for-the-public\/find-attorney\/attorney-detail\/36627","https:\/\/clutch.co\/profile\/ainsman-levine","https:\/\/lawful.com\/pa\/pittsburgh\/personal-injury-lawyers\/ainsman-levine--llc-dbJd2Tk7u","https:\/\/www.martindale.com\/organization\/ainsman-levine-drexler-llc-1250115\/pittsburgh-pennsylvania-1558729-f\/","https:\/\/www.lawinfo.com\/lawfirm\/pennsylvania\/pittsburgh\/ainsman-levine-llc\/4c1c5e20-83a4-4dbe-9813-6f35d9036d9e.html","https:\/\/lawyers.findlaw.com\/pennsylvania\/pittsburgh\/2107322_1\/","https:\/\/profiles.superlawyers.com\/pennsylvania\/pittsburgh\/lawfirm\/ainsman-levine-llc\/4c1c5e20-83a4-4dbe-9813-6f35d9036d9e.html","https:\/\/www.yelp.com\/biz\/ainsman-levine-pittsburgh"]}]}},"_links":{"self":[{"href":"https:\/\/aldlawfirm.com\/es\/wp-json\/wp\/v2\/pages\/362","targetHints":{"allow":["GET"]}}],"collection":[{"href":"https:\/\/aldlawfirm.com\/es\/wp-json\/wp\/v2\/pages"}],"about":[{"href":"https:\/\/aldlawfirm.com\/es\/wp-json\/wp\/v2\/types\/page"}],"author":[{"embeddable":true,"href":"https:\/\/aldlawfirm.com\/es\/wp-json\/wp\/v2\/users\/1"}],"replies":[{"embeddable":true,"href":"https:\/\/aldlawfirm.com\/es\/wp-json\/wp\/v2\/comments?post=362"}],"version-history":[{"count":2,"href":"https:\/\/aldlawfirm.com\/es\/wp-json\/wp\/v2\/pages\/362\/revisions"}],"predecessor-version":[{"id":1216,"href":"https:\/\/aldlawfirm.com\/es\/wp-json\/wp\/v2\/pages\/362\/revisions\/1216"}],"wp:attachment":[{"href":"https:\/\/aldlawfirm.com\/es\/wp-json\/wp\/v2\/media?parent=362"}],"wp:term":[{"taxonomy":"category","embeddable":true,"href":"https:\/\/aldlawfirm.com\/es\/wp-json\/wp\/v2\/categories?post=362"},{"taxonomy":"post_tag","embeddable":true,"href":"https:\/\/aldlawfirm.com\/es\/wp-json\/wp\/v2\/tags?post=362"}],"curies":[{"name":"wp","href":"https:\/\/api.w.org\/{rel}","templated":true}]}}