{"id":792,"date":"2025-12-08T06:52:17","date_gmt":"2025-12-08T06:52:17","guid":{"rendered":"https:\/\/aldlawfirm.com\/?page_id=792"},"modified":"2025-12-31T06:39:00","modified_gmt":"2025-12-31T06:39:00","slug":"abogados","status":"publish","type":"page","link":"https:\/\/aldlawfirm.com\/es\/attorneys\/","title":{"rendered":"Nuestros abogados"},"content":{"rendered":"<div class=\"cnt-top-cont\">\n<h3>Una s\u00f3lida representaci\u00f3n legal<br \/> Respaldados por la integridad<\/h3>\n<h6>En Ainsman Levine, LLC, sabemos que la gente no contrata a un abogado a menos que necesite ayuda legal urgente. \u201cNunca pens\u00e9 que tendr\u00eda que contratar a un abogado\u201d es algo que escuchamos a menudo de personas como usted.<\/h6>\n<p>Queremos que este proceso sea lo m\u00e1s sencillo y tranquilo posible para usted. Nuestros abogados consideran fundamental que comprenda plenamente los aspectos relacionados con su caso, para que pueda tomar decisiones acertadas y bien informadas. Por eso, nuestros abogados est\u00e1n siempre disponibles para responder a sus preguntas, atender sus inquietudes y mantenerlo al tanto del estado de su caso.<\/p>\n<p>Le invitamos a conocer m\u00e1s sobre nuestras credenciales profesionales y nuestra experiencia en litigios en las p\u00e1ginas de perfil de nuestros abogados que figuran a continuaci\u00f3n:<\/p>\n<\/div>","protected":false},"excerpt":{"rendered":"<p>Strong Legal Representation Backed By Integrity At Ainsman Levine, LLC, we know that people don\u2019t hire a lawyer unless they need serious legal help. \u201cI never thought I would have to hire an attorney\u201d is a statement we hear often from people just like you. We want to make the process as stress-free and easy [&hellip;]<\/p>\n","protected":false},"author":1,"featured_media":0,"parent":0,"menu_order":0,"comment_status":"closed","ping_status":"closed","template":"archive-team_member.php","meta":{"_acf_changed":false,"footnotes":""},"categories":[],"tags":[],"class_list":["post-792","page","type-page","status-publish","hentry"],"acf":[],"yoast_head":"<!-- This site is optimized with the Yoast SEO plugin v27.3 - https:\/\/yoast.com\/product\/yoast-seo-wordpress\/ -->\n<title>Our Attorneys - Ainsman Levine<\/title>\n<meta name=\"description\" content=\"Call the Pittsburgh injury attorneys at Ainsman Levine, LLC: 412-944-2235. Free consultation always available. Proudly serving western and central Pennsylvania.\" \/>\n<meta name=\"robots\" content=\"index, follow, max-snippet:-1, max-image-preview:large, max-video-preview:-1\" \/>\n<link rel=\"canonical\" href=\"https:\/\/aldlawfirm.com\/es\/abogados\/\" \/>\n<meta property=\"og:locale\" content=\"es_MX\" \/>\n<meta property=\"og:type\" content=\"article\" \/>\n<meta property=\"og:title\" content=\"Our Attorneys - Ainsman Levine\" \/>\n<meta property=\"og:description\" content=\"Call the Pittsburgh injury attorneys at Ainsman Levine, LLC: 412-944-2235. Free consultation always available. Proudly serving western and central Pennsylvania.\" \/>\n<meta property=\"og:url\" content=\"https:\/\/aldlawfirm.com\/es\/abogados\/\" \/>\n<meta property=\"og:site_name\" content=\"Ainsman Levine, LLC\" \/>\n<meta property=\"article:publisher\" content=\"http:\/\/facebook.com\/AinsmanLevineLLC\/\" \/>\n<meta property=\"article:modified_time\" content=\"2025-12-31T06:39:00+00:00\" \/>\n<meta name=\"twitter:card\" content=\"summary_large_image\" \/>\n<meta name=\"twitter:site\" content=\"@ainsmanlevine\" \/>\n<meta name=\"twitter:label1\" content=\"Tiempo de lectura\" \/>\n\t<meta name=\"twitter:data1\" content=\"1 minuto\" \/>\n<script type=\"application\/ld+json\" class=\"yoast-schema-graph\">{\"@context\":\"https:\\\/\\\/schema.org\",\"@graph\":[{\"@type\":\"WebPage\",\"@id\":\"https:\\\/\\\/aldlawfirm.com\\\/attorneys\\\/\",\"url\":\"https:\\\/\\\/aldlawfirm.com\\\/attorneys\\\/\",\"name\":\"Our Attorneys - Ainsman Levine\",\"isPartOf\":{\"@id\":\"https:\\\/\\\/aldlawfirm.com\\\/#website\"},\"datePublished\":\"2025-12-08T06:52:17+00:00\",\"dateModified\":\"2025-12-31T06:39:00+00:00\",\"description\":\"Call the Pittsburgh injury attorneys at Ainsman Levine, LLC: 412-944-2235. Free consultation always available. Proudly serving western and central Pennsylvania.\",\"breadcrumb\":{\"@id\":\"https:\\\/\\\/aldlawfirm.com\\\/attorneys\\\/#breadcrumb\"},\"inLanguage\":\"es\",\"potentialAction\":[{\"@type\":\"ReadAction\",\"target\":[\"https:\\\/\\\/aldlawfirm.com\\\/attorneys\\\/\"]}]},{\"@type\":\"BreadcrumbList\",\"@id\":\"https:\\\/\\\/aldlawfirm.com\\\/attorneys\\\/#breadcrumb\",\"itemListElement\":[{\"@type\":\"ListItem\",\"position\":1,\"name\":\"Home\",\"item\":\"https:\\\/\\\/aldlawfirm.com\\\/\"},{\"@type\":\"ListItem\",\"position\":2,\"name\":\"Our Attorneys\"}]},{\"@type\":\"WebSite\",\"@id\":\"https:\\\/\\\/aldlawfirm.com\\\/#website\",\"url\":\"https:\\\/\\\/aldlawfirm.com\\\/\",\"name\":\"Ainsman Levine, LLC\",\"description\":\"\",\"publisher\":{\"@id\":\"https:\\\/\\\/aldlawfirm.com\\\/#organization\"},\"potentialAction\":[{\"@type\":\"SearchAction\",\"target\":{\"@type\":\"EntryPoint\",\"urlTemplate\":\"https:\\\/\\\/aldlawfirm.com\\\/?s={search_term_string}\"},\"query-input\":{\"@type\":\"PropertyValueSpecification\",\"valueRequired\":true,\"valueName\":\"search_term_string\"}}],\"inLanguage\":\"es\"},{\"@type\":\"Organization\",\"@id\":\"https:\\\/\\\/aldlawfirm.com\\\/#organization\",\"name\":\"Ainsman Levine, LLC\",\"alternateName\":\"Ainsman Levine, LLC\",\"url\":\"https:\\\/\\\/aldlawfirm.com\\\/\",\"logo\":{\"@type\":\"ImageObject\",\"inLanguage\":\"es\",\"@id\":\"https:\\\/\\\/aldlawfirm.com\\\/#\\\/schema\\\/logo\\\/image\\\/\",\"url\":\"https:\\\/\\\/aldlawfirm.com\\\/wp-content\\\/uploads\\\/2025\\\/12\\\/favicon.webp\",\"contentUrl\":\"https:\\\/\\\/aldlawfirm.com\\\/wp-content\\\/uploads\\\/2025\\\/12\\\/favicon.webp\",\"width\":118,\"height\":106,\"caption\":\"Ainsman Levine, LLC\"},\"image\":{\"@id\":\"https:\\\/\\\/aldlawfirm.com\\\/#\\\/schema\\\/logo\\\/image\\\/\"},\"sameAs\":[\"http:\\\/\\\/facebook.com\\\/AinsmanLevineLLC\\\/\",\"https:\\\/\\\/x.com\\\/ainsmanlevine\",\"https:\\\/\\\/www.linkedin.com\\\/company\\\/ainsman-levine-llc\",\"https:\\\/\\\/www.linkedin.com\\\/in\\\/richard-levine-3863762a\",\"https:\\\/\\\/www.instagram.com\\\/p\\\/DV0nriXlK_3\\\/\",\"https:\\\/\\\/www.ilawconnect.com\\\/pittsburgh\\\/attorney\\\/ainsman-levine-llc\",\"https:\\\/\\\/profiles.superlawyers.com\\\/pennsylvania\\\/pittsburgh\\\/lawyer\\\/richard-c-levine\\\/28e2219e-f2dc-42e4-a57d-df5fc2f098e5.html\",\"https:\\\/\\\/www.lawyer.com\\\/firms\\\/ainsman-levine-drexler-llc.html\",\"https:\\\/\\\/www.datanyze.com\\\/companies\\\/ainsman-levine\\\/3920152\",\"https:\\\/\\\/www.zoominfo.com\\\/c\\\/ainsman-levine\\\/3920152\",\"https:\\\/\\\/www.legallistings.us\\\/united-states\\\/pittsburgh\\\/attorneys\\\/ainsman-levine-llc\",\"https:\\\/\\\/www.yelp.com\\\/biz\\\/ainsman-levine-pittsburgh-2\",\"https:\\\/\\\/www.lawyers.com\\\/pittsburgh\\\/pennsylvania\\\/ainsman-levine-drexler-llc-1558729-f\\\/#profile-attorneys\",\"https:\\\/\\\/disabilityfiled.com\\\/directory\\\/ainsman-levine-pittsburgh-pa\",\"https:\\\/\\\/www.lawyers.com\\\/pittsburgh\\\/pennsylvania\\\/ainsman-levine-drexler-llc-1558729-f\\\/#profile-about\",\"https:\\\/\\\/www.padisciplinaryboard.org\\\/for-the-public\\\/find-attorney\\\/attorney-detail\\\/36627\",\"https:\\\/\\\/clutch.co\\\/profile\\\/ainsman-levine\",\"https:\\\/\\\/lawful.com\\\/pa\\\/pittsburgh\\\/personal-injury-lawyers\\\/ainsman-levine--llc-dbJd2Tk7u\",\"https:\\\/\\\/www.martindale.com\\\/organization\\\/ainsman-levine-drexler-llc-1250115\\\/pittsburgh-pennsylvania-1558729-f\\\/\",\"https:\\\/\\\/www.lawinfo.com\\\/lawfirm\\\/pennsylvania\\\/pittsburgh\\\/ainsman-levine-llc\\\/4c1c5e20-83a4-4dbe-9813-6f35d9036d9e.html\",\"https:\\\/\\\/lawyers.findlaw.com\\\/pennsylvania\\\/pittsburgh\\\/2107322_1\\\/\",\"https:\\\/\\\/profiles.superlawyers.com\\\/pennsylvania\\\/pittsburgh\\\/lawfirm\\\/ainsman-levine-llc\\\/4c1c5e20-83a4-4dbe-9813-6f35d9036d9e.html\",\"https:\\\/\\\/www.yelp.com\\\/biz\\\/ainsman-levine-pittsburgh\"]}]}<\/script>\n<!-- \/ Yoast SEO plugin. -->","yoast_head_json":{"title":"Nuestros abogados - Ainsman Levine","description":"Llame a los abogados especializados en lesiones de Pittsburgh de Ainsman Levine, LLC: 412-944-2235. Consulta gratuita siempre disponible. Orgullosos de prestar nuestros servicios en el oeste y el centro de Pensilvania.","robots":{"index":"index","follow":"follow","max-snippet":"max-snippet:-1","max-image-preview":"max-image-preview:large","max-video-preview":"max-video-preview:-1"},"canonical":"https:\/\/aldlawfirm.com\/es\/abogados\/","og_locale":"es_MX","og_type":"article","og_title":"Our Attorneys - Ainsman Levine","og_description":"Call the Pittsburgh injury attorneys at Ainsman Levine, LLC: 412-944-2235. Free consultation always available. Proudly serving western and central Pennsylvania.","og_url":"https:\/\/aldlawfirm.com\/es\/abogados\/","og_site_name":"Ainsman Levine, LLC","article_publisher":"http:\/\/facebook.com\/AinsmanLevineLLC\/","article_modified_time":"2025-12-31T06:39:00+00:00","twitter_card":"summary_large_image","twitter_site":"@ainsmanlevine","twitter_misc":{"Tiempo de lectura":"1 minuto"},"schema":{"@context":"https:\/\/schema.org","@graph":[{"@type":"WebPage","@id":"https:\/\/aldlawfirm.com\/attorneys\/","url":"https:\/\/aldlawfirm.com\/attorneys\/","name":"Nuestros abogados - Ainsman Levine","isPartOf":{"@id":"https:\/\/aldlawfirm.com\/#website"},"datePublished":"2025-12-08T06:52:17+00:00","dateModified":"2025-12-31T06:39:00+00:00","description":"Llame a los abogados especializados en lesiones de Pittsburgh de Ainsman Levine, LLC: 412-944-2235. Consulta gratuita siempre disponible. Orgullosos de prestar nuestros servicios en el oeste y el centro de Pensilvania.","breadcrumb":{"@id":"https:\/\/aldlawfirm.com\/attorneys\/#breadcrumb"},"inLanguage":"es","potentialAction":[{"@type":"ReadAction","target":["https:\/\/aldlawfirm.com\/attorneys\/"]}]},{"@type":"BreadcrumbList","@id":"https:\/\/aldlawfirm.com\/attorneys\/#breadcrumb","itemListElement":[{"@type":"ListItem","position":1,"name":"Home","item":"https:\/\/aldlawfirm.com\/"},{"@type":"ListItem","position":2,"name":"Our Attorneys"}]},{"@type":"WebSite","@id":"https:\/\/aldlawfirm.com\/#website","url":"https:\/\/aldlawfirm.com\/","name":"Ainsman Levine, LLC","description":"","publisher":{"@id":"https:\/\/aldlawfirm.com\/#organization"},"potentialAction":[{"@type":"SearchAction","target":{"@type":"EntryPoint","urlTemplate":"https:\/\/aldlawfirm.com\/?s={search_term_string}"},"query-input":{"@type":"PropertyValueSpecification","valueRequired":true,"valueName":"search_term_string"}}],"inLanguage":"es"},{"@type":"Organization","@id":"https:\/\/aldlawfirm.com\/#organization","name":"Ainsman Levine, LLC","alternateName":"Ainsman Levine, LLC","url":"https:\/\/aldlawfirm.com\/","logo":{"@type":"ImageObject","inLanguage":"es","@id":"https:\/\/aldlawfirm.com\/#\/schema\/logo\/image\/","url":"https:\/\/aldlawfirm.com\/wp-content\/uploads\/2025\/12\/favicon.webp","contentUrl":"https:\/\/aldlawfirm.com\/wp-content\/uploads\/2025\/12\/favicon.webp","width":118,"height":106,"caption":"Ainsman Levine, LLC"},"image":{"@id":"https:\/\/aldlawfirm.com\/#\/schema\/logo\/image\/"},"sameAs":["http:\/\/facebook.com\/AinsmanLevineLLC\/","https:\/\/x.com\/ainsmanlevine","https:\/\/www.linkedin.com\/company\/ainsman-levine-llc","https:\/\/www.linkedin.com\/in\/richard-levine-3863762a","https:\/\/www.instagram.com\/p\/DV0nriXlK_3\/","https:\/\/www.ilawconnect.com\/pittsburgh\/attorney\/ainsman-levine-llc","https:\/\/profiles.superlawyers.com\/pennsylvania\/pittsburgh\/lawyer\/richard-c-levine\/28e2219e-f2dc-42e4-a57d-df5fc2f098e5.html","https:\/\/www.lawyer.com\/firms\/ainsman-levine-drexler-llc.html","https:\/\/www.datanyze.com\/companies\/ainsman-levine\/3920152","https:\/\/www.zoominfo.com\/c\/ainsman-levine\/3920152","https:\/\/www.legallistings.us\/united-states\/pittsburgh\/attorneys\/ainsman-levine-llc","https:\/\/www.yelp.com\/biz\/ainsman-levine-pittsburgh-2","https:\/\/www.lawyers.com\/pittsburgh\/pennsylvania\/ainsman-levine-drexler-llc-1558729-f\/#profile-attorneys","https:\/\/disabilityfiled.com\/directory\/ainsman-levine-pittsburgh-pa","https:\/\/www.lawyers.com\/pittsburgh\/pennsylvania\/ainsman-levine-drexler-llc-1558729-f\/#profile-about","https:\/\/www.padisciplinaryboard.org\/for-the-public\/find-attorney\/attorney-detail\/36627","https:\/\/clutch.co\/profile\/ainsman-levine","https:\/\/lawful.com\/pa\/pittsburgh\/personal-injury-lawyers\/ainsman-levine--llc-dbJd2Tk7u","https:\/\/www.martindale.com\/organization\/ainsman-levine-drexler-llc-1250115\/pittsburgh-pennsylvania-1558729-f\/","https:\/\/www.lawinfo.com\/lawfirm\/pennsylvania\/pittsburgh\/ainsman-levine-llc\/4c1c5e20-83a4-4dbe-9813-6f35d9036d9e.html","https:\/\/lawyers.findlaw.com\/pennsylvania\/pittsburgh\/2107322_1\/","https:\/\/profiles.superlawyers.com\/pennsylvania\/pittsburgh\/lawfirm\/ainsman-levine-llc\/4c1c5e20-83a4-4dbe-9813-6f35d9036d9e.html","https:\/\/www.yelp.com\/biz\/ainsman-levine-pittsburgh"]}]}},"_links":{"self":[{"href":"https:\/\/aldlawfirm.com\/es\/wp-json\/wp\/v2\/pages\/792","targetHints":{"allow":["GET"]}}],"collection":[{"href":"https:\/\/aldlawfirm.com\/es\/wp-json\/wp\/v2\/pages"}],"about":[{"href":"https:\/\/aldlawfirm.com\/es\/wp-json\/wp\/v2\/types\/page"}],"author":[{"embeddable":true,"href":"https:\/\/aldlawfirm.com\/es\/wp-json\/wp\/v2\/users\/1"}],"replies":[{"embeddable":true,"href":"https:\/\/aldlawfirm.com\/es\/wp-json\/wp\/v2\/comments?post=792"}],"version-history":[{"count":12,"href":"https:\/\/aldlawfirm.com\/es\/wp-json\/wp\/v2\/pages\/792\/revisions"}],"predecessor-version":[{"id":3045,"href":"https:\/\/aldlawfirm.com\/es\/wp-json\/wp\/v2\/pages\/792\/revisions\/3045"}],"wp:attachment":[{"href":"https:\/\/aldlawfirm.com\/es\/wp-json\/wp\/v2\/media?parent=792"}],"wp:term":[{"taxonomy":"category","embeddable":true,"href":"https:\/\/aldlawfirm.com\/es\/wp-json\/wp\/v2\/categories?post=792"},{"taxonomy":"post_tag","embeddable":true,"href":"https:\/\/aldlawfirm.com\/es\/wp-json\/wp\/v2\/tags?post=792"}],"curies":[{"name":"wp","href":"https:\/\/api.w.org\/{rel}","templated":true}]}}