{"id":860,"date":"2025-12-10T04:33:21","date_gmt":"2025-12-10T04:33:21","guid":{"rendered":"https:\/\/aldlawfirm.com\/?page_id=860"},"modified":"2026-03-18T15:37:46","modified_gmt":"2026-03-18T15:37:46","slug":"abogado-especializado-en-negligencia-medica-en-pittsburgh","status":"publish","type":"page","link":"https:\/\/aldlawfirm.com\/es\/pittsburgh-medical-malpractice-lawyer\/","title":{"rendered":"Abogado especializado en negligencia m\u00e9dica en Pittsburgh"},"content":{"rendered":"<div id=\"ez-toc-container\" class=\"ez-toc-v2_0_82_2 counter-hierarchy ez-toc-counter ez-toc-transparent ez-toc-container-direction\">\n<div class=\"ez-toc-title-container\">\n<p class=\"ez-toc-title\" style=\"cursor:inherit\">\u00cdndice<\/p>\n<span class=\"ez-toc-title-toggle\"><a href=\"#\" class=\"ez-toc-pull-right ez-toc-btn ez-toc-btn-xs ez-toc-btn-default ez-toc-toggle\" aria-label=\"Toggle Table of Content\"><span class=\"ez-toc-js-icon-con\"><span class=\"\"><span class=\"eztoc-hide\" style=\"display:none;\">Alternar<\/span><span class=\"ez-toc-icon-toggle-span\"><svg style=\"fill: #999;color:#999\" xmlns=\"http:\/\/www.w3.org\/2000\/svg\" class=\"list-377408\" width=\"20px\" height=\"20px\" viewbox=\"0 0 24 24\" fill=\"none\"><path d=\"M6 6H4v2h2V6zm14 0H8v2h12V6zM4 11h2v2H4v-2zm16 0H8v2h12v-2zM4 16h2v2H4v-2zm16 0H8v2h12v-2z\" fill=\"currentColor\"><\/path><\/svg><svg style=\"fill: #999;color:#999\" class=\"arrow-unsorted-368013\" xmlns=\"http:\/\/www.w3.org\/2000\/svg\" width=\"10px\" height=\"10px\" viewbox=\"0 0 24 24\" version=\"1.2\" baseprofile=\"tiny\"><path d=\"M18.2 9.3l-6.2-6.3-6.2 6.3c-.2.2-.3.4-.3.7s.1.5.3.7c.2.2.4.3.7.3h11c.3 0 .5-.1.7-.3.2-.2.3-.5.3-.7s-.1-.5-.3-.7zM5.8 14.7l6.2 6.3 6.2-6.3c.2-.2.3-.5.3-.7s-.1-.5-.3-.7c-.2-.2-.4-.3-.7-.3h-11c-.3 0-.5.1-.7.3-.2.2-.3.5-.3.7s.1.5.3.7z\"\/><\/svg><\/span><\/span><\/span><\/a><\/span><\/div>\n<nav><ul class='ez-toc-list ez-toc-list-level-1 eztoc-toggle-hide-by-default' ><li class='ez-toc-page-1 ez-toc-heading-level-2'><a class=\"ez-toc-link ez-toc-heading-1\" href=\"https:\/\/aldlawfirm.com\/es\/pittsburgh-medical-malpractice-lawyer\/#Medical_Malpractice_Attorney_in_Pittsburgh_PA\" >Abogado especializado en negligencia m\u00e9dica en Pittsburgh, Pensilvania<\/a><\/li><li class='ez-toc-page-1 ez-toc-heading-level-2'><a class=\"ez-toc-link ez-toc-heading-2\" href=\"https:\/\/aldlawfirm.com\/es\/pittsburgh-medical-malpractice-lawyer\/#Compassionate_Advocates_Medical_Malpractice_Lawyers_For_Those_Harmed\" >Abogados especializados en negligencia m\u00e9dica que defienden con empat\u00eda a las v\u00edctimas<\/a><\/li><li class='ez-toc-page-1 ez-toc-heading-level-2'><a class=\"ez-toc-link ez-toc-heading-3\" href=\"https:\/\/aldlawfirm.com\/es\/pittsburgh-medical-malpractice-lawyer\/#Hire_Our_Experienced_Malpractice_Attorneys\" >Contrate a nuestros abogados expertos en negligencia m\u00e9dica<\/a><\/li><\/ul><\/nav><\/div>\n<h2><span class=\"ez-toc-section\" id=\"Medical_Malpractice_Attorney_in_Pittsburgh_PA\"><\/span><span data-sheets-root=\"1\">Abogado especializado en negligencia m\u00e9dica en <\/span><span data-sheets-root=\"1\">Pittsburgh, Pensilvania<\/span><span class=\"ez-toc-section-end\"><\/span><\/h2>\n<p>Cuando necesitas someterte a una intervenci\u00f3n o tienes un problema de salud que tratar, conf\u00edas en que los m\u00e9dicos, enfermeros y el personal m\u00e9dico te atiendan y te brinden la mejor atenci\u00f3n posible. Los profesionales de la salud de Pensilvania tienen la obligaci\u00f3n legal de cumplir con los est\u00e1ndares de atenci\u00f3n aceptables en su trabajo con los pacientes. Cuando un m\u00e9dico, cirujano, enfermero, auxiliar, miembro del personal o centro m\u00e9dico incumple esta obligaci\u00f3n y, en cambio, te pone en peligro, puedes presentar una demanda por negligencia m\u00e9dica.<\/p>\n<p>Los abogados de Ainsman Levine, LLC, trabajan arduamente para exigir responsabilidades a los proveedores de servicios de salud por negligencia y mala praxis. Las sutilezas de la legislaci\u00f3n sobre mala praxis m\u00e9dica son complejas y pueden resultar dif\u00edciles de comprender si no se tiene formaci\u00f3n en la materia. Nuestros abogados investigar\u00e1n su caso a fondo y examinar\u00e1n todas las pruebas con el fin de demostrar que su proveedor m\u00e9dico incumpli\u00f3 el est\u00e1ndar de atenci\u00f3n, caus\u00e1ndole as\u00ed un perjuicio.<\/p>\n    \n    <div class=\"cmn-box\" style=\"background-color: #c99547;\">\n        <h2 style=\"color: #ffffff;\">\n            Nosotros luchamos... para que t\u00fa no tengas que hacerlo \n        <\/h2>\n\n          <p style=\"color: #fff;\">\n                D\u00e9cadas de experiencia en los tribunales. Miles de clientes atendidos. <\/p>\n\n        <div class=\"cmn-box-cnslt-btn\">\n            <div class=\"cnslt-btn\">\n                <a href=\"https:\/\/aldlawfirm.com\/es\/contacto\/\" \n                   class=\"cmn-btn\" \n                   style=\"background-color: #345c72;                           color: #fff;                          border-color:#fff ;\">\n                    Programa una consulta gratuita                <\/a>\n            <\/div>\n\n           <div class=\"cnslt-call\">\n                \n                    <p><a href=\"tel:4123389030\" style=\"color: #fff;\">\n                    412-338-9030 \n                <\/a><\/p>\n                \n            <\/div> \n        <\/div>\n    <\/div>\n\n    \n<h2><span class=\"ez-toc-section\" id=\"Compassionate_Advocates_Medical_Malpractice_Lawyers_For_Those_Harmed\"><\/span>Abogados especializados en negligencia m\u00e9dica que defienden con empat\u00eda a las v\u00edctimas<span class=\"ez-toc-section-end\"><\/span><\/h2>\n<p>Las leyes de Pensilvania establecen un plazo de prescripci\u00f3n de dos a\u00f1os para la mayor\u00eda de los casos de negligencia m\u00e9dica. Sin embargo, existen excepciones para los ni\u00f1os lesionados y los casos relacionados con la presencia de un objeto extra\u00f1o en el cuerpo. Tambi\u00e9n hay excepciones para las lesiones que no pueden detectarse de inmediato y para los casos en los que el <a href=\"https:\/\/aldlawfirm.com\/es\/abogado-especializado-en-homicidio-culposo-en-pittsburgh\/\">La persona herida ha fallecido<\/a>.<\/p>\n<p>Para presentar una demanda por negligencia m\u00e9dica, es necesario que un experto m\u00e9dico presente un certificado de m\u00e9rito. Este documento es una declaraci\u00f3n en la que se afirma que existe una probabilidad razonable de que se haya producido una infracci\u00f3n.<\/p>\n<p>Entre los tipos m\u00e1s comunes de negligencia m\u00e9dica se incluyen:<\/p>\n<ul>\n<li>Lesiones durante el parto<\/li>\n<li>Lesiones cerebrales<\/li>\n<li>Diagn\u00f3stico err\u00f3neo<\/li>\n<li>Falta de diagn\u00f3stico<\/li>\n<li><a href=\"https:\/\/aldlawfirm.com\/es\/abogado-especializado-en-casos-de-negligencia-en-residencias-de-ancianos-en-pittsburgh\/\">Ca\u00eddas en residencias de ancianos<\/a><\/li>\n<li>\u00dalceras por presi\u00f3n<\/li>\n<li>Errores quir\u00fargicos<\/li>\n<li><a href=\"https:\/\/aldlawfirm.com\/es\/abogado-especializado-en-negligencia-medica-en-pittsburgh\/\">Subrogaci\u00f3n en materia de asistencia sanitaria<\/a><\/li>\n<\/ul>\n<p>Las lesiones y los errores pueden pasar desapercibidos durante un tiempo y es posible que no se noten de inmediato. Si tiene alguna inquietud o cree que ha sido v\u00edctima de negligencia, debe tomar medidas de inmediato.<\/p>\n<h2><span class=\"ez-toc-section\" id=\"Hire_Our_Experienced_Malpractice_Attorneys\"><\/span>Contrate a nuestros abogados expertos en negligencia m\u00e9dica<span class=\"ez-toc-section-end\"><\/span><\/h2>\n<p>Si usted o un ser querido ha sido v\u00edctima de un error m\u00e9dico, <a href=\"https:\/\/aldlawfirm.com\/es\/contacto\/\">concertar una cita<\/a> con Ainsman Levine, LLC, hoy mismo. Puede ponerse en contacto con nosotros en <a href=\"tel:412-338-9030\">412-338-9030<\/a>.<\/p>\n<p>Analizaremos a fondo todos los aspectos de su caso y responderemos cualquier pregunta que pueda tener. Nuestras oficinas est\u00e1n convenientemente ubicadas en el centro de Pittsburgh. Si no puede desplazarse debido a sus lesiones, nuestros abogados pueden hacer arreglos para visitarlo en su domicilio.<\/p>","protected":false},"excerpt":{"rendered":"<p>Medical Malpractice Attorney in Pittsburgh, PA When you need a procedure or have a health issue to address, you trust the doctors, nurses and medical staff to take care of you and provide the utmost care. Health care professionals in Pennsylvania are legally obligated to abide by acceptable standards of care working with patients. When [&hellip;]<\/p>\n","protected":false},"author":1,"featured_media":1036,"parent":0,"menu_order":0,"comment_status":"closed","ping_status":"closed","template":"","meta":{"_acf_changed":false,"footnotes":""},"categories":[],"tags":[],"class_list":["post-860","page","type-page","status-publish","has-post-thumbnail","hentry"],"acf":[],"yoast_head":"<!-- This site is optimized with the Yoast SEO plugin v27.3 - https:\/\/yoast.com\/product\/yoast-seo-wordpress\/ -->\n<title>Pittsburgh Medical Malpractice Lawyer - Free Consultation<\/title>\n<meta name=\"description\" content=\"Victim of medical negligence? A Pittsburgh Medical Malpractice Lawyer at Ainsman Levine, LLC helps you pursue compensation. Contact us today.\" \/>\n<meta name=\"robots\" content=\"index, follow, max-snippet:-1, max-image-preview:large, max-video-preview:-1\" \/>\n<link rel=\"canonical\" href=\"https:\/\/aldlawfirm.com\/es\/abogado-especializado-en-negligencia-medica-en-pittsburgh\/\" \/>\n<meta property=\"og:locale\" content=\"es_MX\" \/>\n<meta property=\"og:type\" content=\"article\" \/>\n<meta property=\"og:title\" content=\"Pittsburgh Medical Malpractice Lawyer - Free Consultation\" \/>\n<meta property=\"og:description\" content=\"Victim of medical negligence? A Pittsburgh Medical Malpractice Lawyer at Ainsman Levine, LLC helps you pursue compensation. Contact us today.\" \/>\n<meta property=\"og:url\" content=\"https:\/\/aldlawfirm.com\/es\/abogado-especializado-en-negligencia-medica-en-pittsburgh\/\" \/>\n<meta property=\"og:site_name\" content=\"Ainsman Levine, LLC\" \/>\n<meta property=\"article:publisher\" content=\"http:\/\/facebook.com\/AinsmanLevineLLC\/\" \/>\n<meta property=\"article:modified_time\" content=\"2026-03-18T15:37:46+00:00\" \/>\n<meta property=\"og:image\" content=\"https:\/\/aldlawfirm.com\/wp-content\/uploads\/2025\/12\/medical-malpractice-image.webp\" \/>\n\t<meta property=\"og:image:width\" content=\"850\" \/>\n\t<meta property=\"og:image:height\" content=\"415\" \/>\n\t<meta property=\"og:image:type\" content=\"image\/webp\" \/>\n<meta name=\"twitter:card\" content=\"summary_large_image\" \/>\n<meta name=\"twitter:site\" content=\"@ainsmanlevine\" \/>\n<meta name=\"twitter:label1\" content=\"Tiempo de lectura\" \/>\n\t<meta name=\"twitter:data1\" content=\"2 minutos\" \/>\n<script type=\"application\/ld+json\" class=\"yoast-schema-graph\">{\"@context\":\"https:\\\/\\\/schema.org\",\"@graph\":[{\"@type\":\"WebPage\",\"@id\":\"https:\\\/\\\/aldlawfirm.com\\\/pittsburgh-medical-malpractice-lawyer\\\/\",\"url\":\"https:\\\/\\\/aldlawfirm.com\\\/pittsburgh-medical-malpractice-lawyer\\\/\",\"name\":\"Pittsburgh Medical Malpractice Lawyer - Free Consultation\",\"isPartOf\":{\"@id\":\"https:\\\/\\\/aldlawfirm.com\\\/#website\"},\"primaryImageOfPage\":{\"@id\":\"https:\\\/\\\/aldlawfirm.com\\\/pittsburgh-medical-malpractice-lawyer\\\/#primaryimage\"},\"image\":{\"@id\":\"https:\\\/\\\/aldlawfirm.com\\\/pittsburgh-medical-malpractice-lawyer\\\/#primaryimage\"},\"thumbnailUrl\":\"https:\\\/\\\/aldlawfirm.com\\\/wp-content\\\/uploads\\\/2025\\\/12\\\/medical-malpractice-image.webp\",\"datePublished\":\"2025-12-10T04:33:21+00:00\",\"dateModified\":\"2026-03-18T15:37:46+00:00\",\"description\":\"Victim of medical negligence? A Pittsburgh Medical Malpractice Lawyer at Ainsman Levine, LLC helps you pursue compensation. Contact us today.\",\"breadcrumb\":{\"@id\":\"https:\\\/\\\/aldlawfirm.com\\\/pittsburgh-medical-malpractice-lawyer\\\/#breadcrumb\"},\"inLanguage\":\"es\",\"potentialAction\":[{\"@type\":\"ReadAction\",\"target\":[\"https:\\\/\\\/aldlawfirm.com\\\/pittsburgh-medical-malpractice-lawyer\\\/\"]}]},{\"@type\":\"ImageObject\",\"inLanguage\":\"es\",\"@id\":\"https:\\\/\\\/aldlawfirm.com\\\/pittsburgh-medical-malpractice-lawyer\\\/#primaryimage\",\"url\":\"https:\\\/\\\/aldlawfirm.com\\\/wp-content\\\/uploads\\\/2025\\\/12\\\/medical-malpractice-image.webp\",\"contentUrl\":\"https:\\\/\\\/aldlawfirm.com\\\/wp-content\\\/uploads\\\/2025\\\/12\\\/medical-malpractice-image.webp\",\"width\":850,\"height\":415},{\"@type\":\"BreadcrumbList\",\"@id\":\"https:\\\/\\\/aldlawfirm.com\\\/pittsburgh-medical-malpractice-lawyer\\\/#breadcrumb\",\"itemListElement\":[{\"@type\":\"ListItem\",\"position\":1,\"name\":\"Home\",\"item\":\"https:\\\/\\\/aldlawfirm.com\\\/\"},{\"@type\":\"ListItem\",\"position\":2,\"name\":\"Pittsburgh Medical Malpractice Lawyer\"}]},{\"@type\":\"WebSite\",\"@id\":\"https:\\\/\\\/aldlawfirm.com\\\/#website\",\"url\":\"https:\\\/\\\/aldlawfirm.com\\\/\",\"name\":\"Ainsman Levine, LLC\",\"description\":\"\",\"publisher\":{\"@id\":\"https:\\\/\\\/aldlawfirm.com\\\/#organization\"},\"potentialAction\":[{\"@type\":\"SearchAction\",\"target\":{\"@type\":\"EntryPoint\",\"urlTemplate\":\"https:\\\/\\\/aldlawfirm.com\\\/?s={search_term_string}\"},\"query-input\":{\"@type\":\"PropertyValueSpecification\",\"valueRequired\":true,\"valueName\":\"search_term_string\"}}],\"inLanguage\":\"es\"},{\"@type\":\"Organization\",\"@id\":\"https:\\\/\\\/aldlawfirm.com\\\/#organization\",\"name\":\"Ainsman Levine, LLC\",\"alternateName\":\"Ainsman Levine, LLC\",\"url\":\"https:\\\/\\\/aldlawfirm.com\\\/\",\"logo\":{\"@type\":\"ImageObject\",\"inLanguage\":\"es\",\"@id\":\"https:\\\/\\\/aldlawfirm.com\\\/#\\\/schema\\\/logo\\\/image\\\/\",\"url\":\"https:\\\/\\\/aldlawfirm.com\\\/wp-content\\\/uploads\\\/2025\\\/12\\\/favicon.webp\",\"contentUrl\":\"https:\\\/\\\/aldlawfirm.com\\\/wp-content\\\/uploads\\\/2025\\\/12\\\/favicon.webp\",\"width\":118,\"height\":106,\"caption\":\"Ainsman Levine, LLC\"},\"image\":{\"@id\":\"https:\\\/\\\/aldlawfirm.com\\\/#\\\/schema\\\/logo\\\/image\\\/\"},\"sameAs\":[\"http:\\\/\\\/facebook.com\\\/AinsmanLevineLLC\\\/\",\"https:\\\/\\\/x.com\\\/ainsmanlevine\",\"https:\\\/\\\/www.linkedin.com\\\/company\\\/ainsman-levine-llc\",\"https:\\\/\\\/www.linkedin.com\\\/in\\\/richard-levine-3863762a\",\"https:\\\/\\\/www.instagram.com\\\/p\\\/DV0nriXlK_3\\\/\",\"https:\\\/\\\/www.ilawconnect.com\\\/pittsburgh\\\/attorney\\\/ainsman-levine-llc\",\"https:\\\/\\\/profiles.superlawyers.com\\\/pennsylvania\\\/pittsburgh\\\/lawyer\\\/richard-c-levine\\\/28e2219e-f2dc-42e4-a57d-df5fc2f098e5.html\",\"https:\\\/\\\/www.lawyer.com\\\/firms\\\/ainsman-levine-drexler-llc.html\",\"https:\\\/\\\/www.datanyze.com\\\/companies\\\/ainsman-levine\\\/3920152\",\"https:\\\/\\\/www.zoominfo.com\\\/c\\\/ainsman-levine\\\/3920152\",\"https:\\\/\\\/www.legallistings.us\\\/united-states\\\/pittsburgh\\\/attorneys\\\/ainsman-levine-llc\",\"https:\\\/\\\/www.yelp.com\\\/biz\\\/ainsman-levine-pittsburgh-2\",\"https:\\\/\\\/www.lawyers.com\\\/pittsburgh\\\/pennsylvania\\\/ainsman-levine-drexler-llc-1558729-f\\\/#profile-attorneys\",\"https:\\\/\\\/disabilityfiled.com\\\/directory\\\/ainsman-levine-pittsburgh-pa\",\"https:\\\/\\\/www.lawyers.com\\\/pittsburgh\\\/pennsylvania\\\/ainsman-levine-drexler-llc-1558729-f\\\/#profile-about\",\"https:\\\/\\\/www.padisciplinaryboard.org\\\/for-the-public\\\/find-attorney\\\/attorney-detail\\\/36627\",\"https:\\\/\\\/clutch.co\\\/profile\\\/ainsman-levine\",\"https:\\\/\\\/lawful.com\\\/pa\\\/pittsburgh\\\/personal-injury-lawyers\\\/ainsman-levine--llc-dbJd2Tk7u\",\"https:\\\/\\\/www.martindale.com\\\/organization\\\/ainsman-levine-drexler-llc-1250115\\\/pittsburgh-pennsylvania-1558729-f\\\/\",\"https:\\\/\\\/www.lawinfo.com\\\/lawfirm\\\/pennsylvania\\\/pittsburgh\\\/ainsman-levine-llc\\\/4c1c5e20-83a4-4dbe-9813-6f35d9036d9e.html\",\"https:\\\/\\\/lawyers.findlaw.com\\\/pennsylvania\\\/pittsburgh\\\/2107322_1\\\/\",\"https:\\\/\\\/profiles.superlawyers.com\\\/pennsylvania\\\/pittsburgh\\\/lawfirm\\\/ainsman-levine-llc\\\/4c1c5e20-83a4-4dbe-9813-6f35d9036d9e.html\",\"https:\\\/\\\/www.yelp.com\\\/biz\\\/ainsman-levine-pittsburgh\"]}]}<\/script>\n<!-- \/ Yoast SEO plugin. -->","yoast_head_json":{"title":"Abogado especializado en negligencia m\u00e9dica en Pittsburgh - Consulta gratuita","description":"\u00bfHa sido v\u00edctima de negligencia m\u00e9dica? Un abogado especializado en negligencia m\u00e9dica de Pittsburgh de Ainsman Levine, LLC le ayudar\u00e1 a reclamar una indemnizaci\u00f3n. Cont\u00e1ctenos hoy mismo.","robots":{"index":"index","follow":"follow","max-snippet":"max-snippet:-1","max-image-preview":"max-image-preview:large","max-video-preview":"max-video-preview:-1"},"canonical":"https:\/\/aldlawfirm.com\/es\/abogado-especializado-en-negligencia-medica-en-pittsburgh\/","og_locale":"es_MX","og_type":"article","og_title":"Pittsburgh Medical Malpractice Lawyer - Free Consultation","og_description":"Victim of medical negligence? A Pittsburgh Medical Malpractice Lawyer at Ainsman Levine, LLC helps you pursue compensation. Contact us today.","og_url":"https:\/\/aldlawfirm.com\/es\/abogado-especializado-en-negligencia-medica-en-pittsburgh\/","og_site_name":"Ainsman Levine, LLC","article_publisher":"http:\/\/facebook.com\/AinsmanLevineLLC\/","article_modified_time":"2026-03-18T15:37:46+00:00","og_image":[{"width":850,"height":415,"url":"https:\/\/aldlawfirm.com\/wp-content\/uploads\/2025\/12\/medical-malpractice-image.webp","type":"image\/webp"}],"twitter_card":"summary_large_image","twitter_site":"@ainsmanlevine","twitter_misc":{"Tiempo de lectura":"2 minutos"},"schema":{"@context":"https:\/\/schema.org","@graph":[{"@type":"WebPage","@id":"https:\/\/aldlawfirm.com\/pittsburgh-medical-malpractice-lawyer\/","url":"https:\/\/aldlawfirm.com\/pittsburgh-medical-malpractice-lawyer\/","name":"Abogado especializado en negligencia m\u00e9dica en Pittsburgh - Consulta gratuita","isPartOf":{"@id":"https:\/\/aldlawfirm.com\/#website"},"primaryImageOfPage":{"@id":"https:\/\/aldlawfirm.com\/pittsburgh-medical-malpractice-lawyer\/#primaryimage"},"image":{"@id":"https:\/\/aldlawfirm.com\/pittsburgh-medical-malpractice-lawyer\/#primaryimage"},"thumbnailUrl":"https:\/\/aldlawfirm.com\/wp-content\/uploads\/2025\/12\/medical-malpractice-image.webp","datePublished":"2025-12-10T04:33:21+00:00","dateModified":"2026-03-18T15:37:46+00:00","description":"\u00bfHa sido v\u00edctima de negligencia m\u00e9dica? Un abogado especializado en negligencia m\u00e9dica de Pittsburgh de Ainsman Levine, LLC le ayudar\u00e1 a reclamar una indemnizaci\u00f3n. Cont\u00e1ctenos hoy mismo.","breadcrumb":{"@id":"https:\/\/aldlawfirm.com\/pittsburgh-medical-malpractice-lawyer\/#breadcrumb"},"inLanguage":"es","potentialAction":[{"@type":"ReadAction","target":["https:\/\/aldlawfirm.com\/pittsburgh-medical-malpractice-lawyer\/"]}]},{"@type":"ImageObject","inLanguage":"es","@id":"https:\/\/aldlawfirm.com\/pittsburgh-medical-malpractice-lawyer\/#primaryimage","url":"https:\/\/aldlawfirm.com\/wp-content\/uploads\/2025\/12\/medical-malpractice-image.webp","contentUrl":"https:\/\/aldlawfirm.com\/wp-content\/uploads\/2025\/12\/medical-malpractice-image.webp","width":850,"height":415},{"@type":"BreadcrumbList","@id":"https:\/\/aldlawfirm.com\/pittsburgh-medical-malpractice-lawyer\/#breadcrumb","itemListElement":[{"@type":"ListItem","position":1,"name":"Home","item":"https:\/\/aldlawfirm.com\/"},{"@type":"ListItem","position":2,"name":"Pittsburgh Medical Malpractice Lawyer"}]},{"@type":"WebSite","@id":"https:\/\/aldlawfirm.com\/#website","url":"https:\/\/aldlawfirm.com\/","name":"Ainsman Levine, LLC","description":"","publisher":{"@id":"https:\/\/aldlawfirm.com\/#organization"},"potentialAction":[{"@type":"SearchAction","target":{"@type":"EntryPoint","urlTemplate":"https:\/\/aldlawfirm.com\/?s={search_term_string}"},"query-input":{"@type":"PropertyValueSpecification","valueRequired":true,"valueName":"search_term_string"}}],"inLanguage":"es"},{"@type":"Organization","@id":"https:\/\/aldlawfirm.com\/#organization","name":"Ainsman Levine, LLC","alternateName":"Ainsman Levine, LLC","url":"https:\/\/aldlawfirm.com\/","logo":{"@type":"ImageObject","inLanguage":"es","@id":"https:\/\/aldlawfirm.com\/#\/schema\/logo\/image\/","url":"https:\/\/aldlawfirm.com\/wp-content\/uploads\/2025\/12\/favicon.webp","contentUrl":"https:\/\/aldlawfirm.com\/wp-content\/uploads\/2025\/12\/favicon.webp","width":118,"height":106,"caption":"Ainsman Levine, LLC"},"image":{"@id":"https:\/\/aldlawfirm.com\/#\/schema\/logo\/image\/"},"sameAs":["http:\/\/facebook.com\/AinsmanLevineLLC\/","https:\/\/x.com\/ainsmanlevine","https:\/\/www.linkedin.com\/company\/ainsman-levine-llc","https:\/\/www.linkedin.com\/in\/richard-levine-3863762a","https:\/\/www.instagram.com\/p\/DV0nriXlK_3\/","https:\/\/www.ilawconnect.com\/pittsburgh\/attorney\/ainsman-levine-llc","https:\/\/profiles.superlawyers.com\/pennsylvania\/pittsburgh\/lawyer\/richard-c-levine\/28e2219e-f2dc-42e4-a57d-df5fc2f098e5.html","https:\/\/www.lawyer.com\/firms\/ainsman-levine-drexler-llc.html","https:\/\/www.datanyze.com\/companies\/ainsman-levine\/3920152","https:\/\/www.zoominfo.com\/c\/ainsman-levine\/3920152","https:\/\/www.legallistings.us\/united-states\/pittsburgh\/attorneys\/ainsman-levine-llc","https:\/\/www.yelp.com\/biz\/ainsman-levine-pittsburgh-2","https:\/\/www.lawyers.com\/pittsburgh\/pennsylvania\/ainsman-levine-drexler-llc-1558729-f\/#profile-attorneys","https:\/\/disabilityfiled.com\/directory\/ainsman-levine-pittsburgh-pa","https:\/\/www.lawyers.com\/pittsburgh\/pennsylvania\/ainsman-levine-drexler-llc-1558729-f\/#profile-about","https:\/\/www.padisciplinaryboard.org\/for-the-public\/find-attorney\/attorney-detail\/36627","https:\/\/clutch.co\/profile\/ainsman-levine","https:\/\/lawful.com\/pa\/pittsburgh\/personal-injury-lawyers\/ainsman-levine--llc-dbJd2Tk7u","https:\/\/www.martindale.com\/organization\/ainsman-levine-drexler-llc-1250115\/pittsburgh-pennsylvania-1558729-f\/","https:\/\/www.lawinfo.com\/lawfirm\/pennsylvania\/pittsburgh\/ainsman-levine-llc\/4c1c5e20-83a4-4dbe-9813-6f35d9036d9e.html","https:\/\/lawyers.findlaw.com\/pennsylvania\/pittsburgh\/2107322_1\/","https:\/\/profiles.superlawyers.com\/pennsylvania\/pittsburgh\/lawfirm\/ainsman-levine-llc\/4c1c5e20-83a4-4dbe-9813-6f35d9036d9e.html","https:\/\/www.yelp.com\/biz\/ainsman-levine-pittsburgh"]}]}},"_links":{"self":[{"href":"https:\/\/aldlawfirm.com\/es\/wp-json\/wp\/v2\/pages\/860","targetHints":{"allow":["GET"]}}],"collection":[{"href":"https:\/\/aldlawfirm.com\/es\/wp-json\/wp\/v2\/pages"}],"about":[{"href":"https:\/\/aldlawfirm.com\/es\/wp-json\/wp\/v2\/types\/page"}],"author":[{"embeddable":true,"href":"https:\/\/aldlawfirm.com\/es\/wp-json\/wp\/v2\/users\/1"}],"replies":[{"embeddable":true,"href":"https:\/\/aldlawfirm.com\/es\/wp-json\/wp\/v2\/comments?post=860"}],"version-history":[{"count":6,"href":"https:\/\/aldlawfirm.com\/es\/wp-json\/wp\/v2\/pages\/860\/revisions"}],"predecessor-version":[{"id":3426,"href":"https:\/\/aldlawfirm.com\/es\/wp-json\/wp\/v2\/pages\/860\/revisions\/3426"}],"wp:featuredmedia":[{"embeddable":true,"href":"https:\/\/aldlawfirm.com\/es\/wp-json\/wp\/v2\/media\/1036"}],"wp:attachment":[{"href":"https:\/\/aldlawfirm.com\/es\/wp-json\/wp\/v2\/media?parent=860"}],"wp:term":[{"taxonomy":"category","embeddable":true,"href":"https:\/\/aldlawfirm.com\/es\/wp-json\/wp\/v2\/categories?post=860"},{"taxonomy":"post_tag","embeddable":true,"href":"https:\/\/aldlawfirm.com\/es\/wp-json\/wp\/v2\/tags?post=860"}],"curies":[{"name":"wp","href":"https:\/\/api.w.org\/{rel}","templated":true}]}}